{"id":107,"date":"2019-11-26T22:23:09","date_gmt":"2019-11-26T21:23:09","guid":{"rendered":"http:\/\/www.ubu-zh.ch\/?page_id=107"},"modified":"2021-08-13T18:16:09","modified_gmt":"2021-08-13T16:16:09","slug":"activites-2","status":"publish","type":"page","link":"https:\/\/www.ubu-zh.ch\/fr\/photos\/activites-2\/","title":{"rendered":"2020"},"content":{"rendered":"<div data-colibri-id=\"107-c1\" class=\"style-370 style-local-107-c1 position-relative\">\n  <!---->\n  <div data-colibri-component=\"section\" data-colibri-id=\"107-c2\" id=\"custom\" class=\"h-section h-section-global-spacing d-flex align-items-lg-center align-items-md-center align-items-center style-1639 style-local-107-c2 position-relative\">\n    <!---->\n    <!---->\n    <div class=\"h-section-grid-container h-section-boxed-container\">\n      <!---->\n      <div data-colibri-id=\"107-c3\" class=\"h-row-container gutters-row-lg-0 gutters-row-md-0 gutters-row-0 gutters-row-v-lg-0 gutters-row-v-md-0 gutters-row-v-0 style-1640 style-local-107-c3 position-relative\">\n        <!---->\n        <div class=\"h-row justify-content-lg-center justify-content-md-center justify-content-center align-items-lg-stretch align-items-md-stretch align-items-stretch gutters-col-lg-0 gutters-col-md-0 gutters-col-0 gutters-col-v-lg-0 gutters-col-v-md-0 gutters-col-v-0\">\n          <!---->\n          <div class=\"h-column h-column-container d-flex h-col-lg-auto h-col-md-auto h-col-auto style-1641-outer style-local-107-c4-outer\">\n            <div data-colibri-id=\"107-c4\" class=\"d-flex h-flex-basis h-column__inner h-px-lg-0 h-px-md-0 h-px-0 v-inner-lg-0 v-inner-md-0 v-inner-0 style-1641 style-local-107-c4 position-relative\">\n              <!---->\n              <!---->\n              <div class=\"w-100 h-y-container h-column__content h-column__v-align flex-basis-100 align-self-lg-start align-self-md-start align-self-start\">\n                <!---->\n                <div data-colibri-id=\"107-c5\" class=\"h-global-transition-all h-heading style-1642 style-local-107-c5 position-relative h-element\">\n                  <!---->\n                  <div class=\"h-heading__outer style-1642 style-local-107-c5\">\n                    <!---->\n                    <!---->\n                    <h1 class=\"\">Photos 2020<\/h1>\n                  <\/div>\n                <\/div>\n              <\/div>\n            <\/div>\n          <\/div>\n        <\/div>\n      <\/div>\n    <\/div>\n  <\/div>\n  <div data-colibri-component=\"section\" data-colibri-id=\"107-c6\" id=\"content\" class=\"h-section h-section-global-spacing d-flex align-items-lg-center align-items-md-center align-items-center style-1643 style-local-107-c6 position-relative\">\n    <!---->\n    <!---->\n    <div class=\"h-section-grid-container h-section-boxed-container\">\n      <!---->\n      <div data-colibri-id=\"107-c7\" class=\"h-row-container gutters-row-lg-2 gutters-row-md-2 gutters-row-0 gutters-row-v-lg-2 gutters-row-v-md-2 gutters-row-v-2 style-1663 style-local-107-c7 position-relative\">\n        <!---->\n        <div class=\"h-row justify-content-lg-center justify-content-md-center justify-content-center align-items-lg-stretch align-items-md-stretch align-items-stretch gutters-col-lg-2 gutters-col-md-2 gutters-col-0 gutters-col-v-lg-2 gutters-col-v-md-2 gutters-col-v-2\">\n          <!---->\n          <div class=\"h-column h-column-container d-flex h-col-lg-auto h-col-md-auto h-col-auto style-1664-outer style-local-107-c8-outer\">\n            <div data-colibri-id=\"107-c8\" class=\"d-flex h-flex-basis h-column__inner h-px-lg-2 h-px-md-2 h-px-2 v-inner-lg-2 v-inner-md-2 v-inner-2 style-1664 style-local-107-c8 position-relative\">\n              <!---->\n              <!---->\n              <div class=\"w-100 h-y-container h-column__content h-column__v-align flex-basis-100 align-self-lg-start align-self-md-start align-self-start\">\n                <!---->\n                <div data-colibri-id=\"107-c9\" class=\"h-text h-text-component style-1665 style-local-107-c9 position-relative h-element\">\n                  <!---->\n                  <!---->\n                  <div class=\"\">\n                    <p><span style=\"font-weight: 300; font-size: 20px; font-family: &quot;Open Sans&quot;; color: rgb(39, 96, 120);\">En raison de la pand\u00e9mie de Covid, nous avons d\u00fb annuler de nombreuses activit\u00e9s. Malheureusement, seules notre assembl\u00e9e g\u00e9n\u00e9rale en f\u00e9vrier et une excursion \u00e0 Baden en automne ont eu lieu. Toutes les autres activit\u00e9s, y compris la Journ\u00e9e des Belges, ont d\u00fb \u00eatre annul\u00e9es en raison de la pand\u00e9mie.\u00a0\u00a0&nbsp;&nbsp;<\/span><\/p>\n                  <\/div>\n                <\/div>\n              <\/div>\n            <\/div>\n          <\/div>\n        <\/div>\n      <\/div>\n      <div data-colibri-id=\"107-c10\" class=\"h-row-container gutters-row-lg-2 gutters-row-md-2 gutters-row-2 gutters-row-v-lg-2 gutters-row-v-md-2 gutters-row-v-2 style-1644 style-local-107-c10 position-relative\">\n        <!---->\n        <div class=\"h-row justify-content-lg-center justify-content-md-center justify-content-center align-items-lg-stretch align-items-md-stretch align-items-stretch gutters-col-lg-2 gutters-col-md-2 gutters-col-2 gutters-col-v-lg-2 gutters-col-v-md-2 gutters-col-v-2\">\n          <!---->\n          <div class=\"h-column h-column-container d-flex h-col-lg-auto h-col-md-auto h-col-auto style-1645-outer style-local-107-c11-outer\">\n            <div data-colibri-id=\"107-c11\" class=\"d-flex h-flex-basis h-column__inner h-px-lg-0 h-px-md-0 h-px-0 v-inner-lg-0 v-inner-md-0 v-inner-0 style-1645 style-local-107-c11 position-relative\">\n              <!---->\n              <!---->\n              <div class=\"w-100 h-y-container h-column__content h-column__v-align flex-basis-100 align-self-lg-start align-self-md-start align-self-start\">\n                <!---->\n                <div data-colibri-id=\"107-c12\" class=\"h-row-container gutters-row-lg-2 gutters-row-md-2 gutters-row-2 gutters-row-v-lg-2 gutters-row-v-md-2 gutters-row-v-2 style-1646 style-local-107-c12 position-relative\">\n                  <!---->\n                  <div class=\"h-row justify-content-lg-center justify-content-md-center justify-content-center align-items-lg-stretch align-items-md-stretch align-items-stretch gutters-col-lg-2 gutters-col-md-2 gutters-col-2 gutters-col-v-lg-2 gutters-col-v-md-2 gutters-col-v-2\">\n                    <!---->\n                    <div class=\"h-column h-column-container d-flex h-col-lg-auto h-col-md-auto h-col-auto style-1647-outer style-local-107-c13-outer\">\n                      <div data-colibri-id=\"107-c13\" class=\"d-flex h-flex-basis h-column__inner h-px-lg-0 h-px-md-0 h-px-0 v-inner-lg-0 v-inner-md-0 v-inner-0 style-1647 style-local-107-c13 position-relative\">\n                        <!---->\n                        <!---->\n                        <div class=\"w-100 h-y-container h-column__content h-column__v-align flex-basis-100 align-self-lg-center align-self-md-center align-self-center\">\n                          <!---->\n                          <div data-colibri-id=\"107-c14\" class=\"h-global-transition-all h-heading style-1648 style-local-107-c14 position-relative h-element\">\n                            <!---->\n                            <div class=\"h-heading__outer style-1648 style-local-107-c14\">\n                              <!---->\n                              <!---->\n                              <h4 class=\"\">Assembl\u00e9e g\u00e9n\u00e9rale 2020<\/h4>\n                            <\/div>\n                          <\/div>\n                          <div data-colibri-id=\"107-c15\" class=\"h-text h-text-component style-1649 style-local-107-c15 position-relative h-element\">\n                            <!---->\n                            <!---->\n                            <div class=\"\">\n                              <p><span style=\"font-weight: 300;\">Le 1er f\u00e9vrier 2020, notre assembl\u00e9e g\u00e9n\u00e9rale a eu lieu au restaurant Belvoir - comme d'habitude avec de d\u00e9licieuses moules et frites.&nbsp;<\/span>\n                                <br>\n                              <\/p>\n                            <\/div>\n                          <\/div>\n                          <div data-colibri-id=\"107-c16\" class=\"h-x-container style-1659 style-local-107-c16 position-relative h-element\">\n                            <!---->\n                            <div class=\"h-x-container-inner style-dynamic-107-c16-group style-1659-spacing style-local-107-c16-spacing\"><span class=\"h-button__outer style-1660-outer style-local-107-c17-outer d-inline-flex h-element\"><a h-use-smooth-scroll=\"true\" href=\"http:\/\/www.ubu-zh.ch\/fr\/photos\/photos-de-lassemblee-generale-2020\/\"  data-colibri-id=\"107-c17\" class=\"d-flex w-100 align-items-center h-button justify-content-lg-center justify-content-md-center justify-content-center style-1660 style-local-107-c17 position-relative\"><!----><!----> <span>Vers la revue et les photos<\/span><\/a>\n                              <\/span>\n                            <\/div>\n                          <\/div>\n                        <\/div>\n                      <\/div>\n                    <\/div>\n                    <div class=\"h-column h-column-container d-flex h-col-lg-auto h-col-md-auto h-col-auto style-1650-outer style-local-107-c18-outer\">\n                      <div data-colibri-id=\"107-c18\" class=\"d-flex h-flex-basis h-column__inner h-ui-empty-state-container h-px-lg-0 h-px-md-0 h-px-0 v-inner-lg-0 v-inner-md-0 v-inner-0 style-1650 style-local-107-c18 position-relative\">\n                        <!---->\n                        <!---->\n                        <div class=\"w-100 h-y-container h-column__content h-column__v-align flex-basis-100\">\n                          <!---->\n                        <\/div>\n                      <\/div>\n                    <\/div>\n                  <\/div>\n                <\/div>\n                <div data-colibri-id=\"107-c19\" class=\"h-row-container gutters-row-lg-2 gutters-row-md-2 gutters-row-2 gutters-row-v-lg-2 gutters-row-v-md-2 gutters-row-v-2 style-1646 style-local-107-c19 position-relative\">\n                  <!---->\n                  <div class=\"h-row justify-content-lg-center justify-content-md-center justify-content-center align-items-lg-stretch align-items-md-stretch align-items-stretch gutters-col-lg-2 gutters-col-md-2 gutters-col-2 gutters-col-v-lg-2 gutters-col-v-md-2 gutters-col-v-2\">\n                    <!---->\n                    <div class=\"h-column h-column-container d-flex h-col-lg-auto h-col-md-auto h-col-auto style-1651-outer style-local-107-c20-outer\">\n                      <div data-colibri-id=\"107-c20\" class=\"d-flex h-flex-basis h-column__inner h-ui-empty-state-container h-px-lg-0 h-px-md-0 h-px-0 v-inner-lg-0 v-inner-md-0 v-inner-0 style-1651 style-local-107-c20 position-relative\">\n                        <!---->\n                        <!---->\n                        <div class=\"w-100 h-y-container h-column__content h-column__v-align flex-basis-100\">\n                          <!---->\n                        <\/div>\n                      <\/div>\n                    <\/div>\n                    <div class=\"h-column h-column-container d-flex h-col-lg-auto h-col-md-auto h-col-auto style-1647-outer style-local-107-c21-outer\">\n                      <div data-colibri-id=\"107-c21\" class=\"d-flex h-flex-basis h-column__inner h-px-lg-0 h-px-md-0 h-px-0 v-inner-lg-0 v-inner-md-0 v-inner-0 style-1647 style-local-107-c21 position-relative\">\n                        <!---->\n                        <!---->\n                        <div class=\"w-100 h-y-container h-column__content h-column__v-align flex-basis-100 align-self-lg-center align-self-md-center align-self-center\">\n                          <!---->\n                          <div data-colibri-id=\"107-c22\" class=\"h-global-transition-all h-heading style-1648 style-local-107-c22 position-relative h-element\">\n                            <!---->\n                            <div class=\"h-heading__outer style-1648 style-local-107-c22\">\n                              <!---->\n                              <!---->\n                              <h4 class=\"\">Excursion de bi\u00e8re \u00e0 Baden&nbsp;<\/h4>\n                            <\/div>\n                          <\/div>\n                          <div data-colibri-id=\"107-c23\" class=\"h-text h-text-component style-1652 style-local-107-c23 position-relative h-element\">\n                            <!---->\n                            <!---->\n                            <div class=\"\">\n                              <p><span style=\"font-weight: 300; color: rgb(39, 96, 120);\">Le 24 octobre, malgr\u00e9 la pand\u00e9mie, nous avons pu visiter la brasserie de Baden et d\u00e9jeuner ensemble.&nbsp;<\/span><\/p>\n                            <\/div>\n                          <\/div>\n                          <div data-colibri-id=\"107-c24\" class=\"h-x-container style-1661 style-local-107-c24 position-relative h-element\">\n                            <!---->\n                            <div class=\"h-x-container-inner style-dynamic-107-c24-group style-1661-spacing style-local-107-c24-spacing\"><span class=\"h-button__outer style-1662-outer style-local-107-c25-outer d-inline-flex h-element\"><a h-use-smooth-scroll=\"true\" href=\"http:\/\/www.ubu-zh.ch\/fr\/photos\/activites-2\/excursion-de-biere-a-baden\/\"  data-colibri-id=\"107-c25\" class=\"d-flex w-100 align-items-center h-button justify-content-lg-center justify-content-md-center justify-content-center style-1662 style-local-107-c25 position-relative\"><!----><!----> <span>Vers la revue et les photos<\/span><\/a>\n                              <\/span>\n                            <\/div>\n                          <\/div>\n                        <\/div>\n                      <\/div>\n                    <\/div>\n                  <\/div>\n                <\/div>\n              <\/div>\n            <\/div>\n          <\/div>\n        <\/div>\n      <\/div>\n      <div data-colibri-id=\"107-c26\" class=\"h-row-container gutters-row-lg-2 gutters-row-md-2 gutters-row-0 gutters-row-v-lg-2 gutters-row-v-md-2 gutters-row-v-2 style-1668 style-local-107-c26 position-relative\">\n        <!---->\n        <div class=\"h-row justify-content-lg-center justify-content-md-center justify-content-center align-items-lg-stretch align-items-md-stretch align-items-stretch gutters-col-lg-2 gutters-col-md-2 gutters-col-0 gutters-col-v-lg-2 gutters-col-v-md-2 gutters-col-v-2\">\n          <!---->\n          <div class=\"h-column h-column-container d-flex h-col-lg-auto h-col-md-auto h-col-auto style-1669-outer style-local-107-c27-outer\">\n            <div data-colibri-id=\"107-c27\" class=\"d-flex h-flex-basis h-column__inner h-px-lg-2 h-px-md-2 h-px-2 v-inner-lg-2 v-inner-md-2 v-inner-2 style-1669 style-local-107-c27 position-relative\">\n              <!---->\n              <!---->\n              <div class=\"w-100 h-y-container h-column__content h-column__v-align flex-basis-100 align-self-lg-start align-self-md-start align-self-start\">\n                <!---->\n                <div data-colibri-id=\"107-c28\" class=\"h-divider style-1667 style-local-107-c28 position-relative h-element\">\n                  <!----><span class=\"h-divider__line style-1667-line style-local-107-c28-line style-1667-line style-local-107-c28-line\"><\/span> <span class=\"h-svg-icon h-divider__icon style-1667-icon style-local-107-c28-icon\"><!--Icon by Ionicons (https:\/\/ionicons.com)--><svg version=\"1.1\" xmlns=\"http:\/\/www.w3.org\/2000\/svg\" xmlns:xlink=\"http:\/\/www.w3.org\/1999\/xlink\" id=\"ios-albums\" viewbox=\"0 0 448 512\"><path d=\"M448 128v320H0V128h448zM40 112V96h368v16H40zm32-32V64h304v16H72z\"><\/path><\/svg><\/span>                  <span class=\"h-divider__line style-1667-line style-local-107-c28-line style-1667-line style-local-107-c28-line\"><\/span><\/div>\n              <\/div>\n            <\/div>\n          <\/div>\n        <\/div>\n      <\/div>\n    <\/div>\n  <\/div>\n<\/div>","protected":false},"excerpt":{"rendered":"<p>Gallerie 2020 Aufgrund der Covid-Pandemie mussten auch wir zahlreiche Aktivit\u00e4ten annullieren. Statt gefunden haben leider nur unsere Mitgliederversammlung sowie im Herbst ein Ausflug nach Baden. Alle anderen Aktivit\u00e4ten, inkl. dem Tag der Belgier und Belgierinnen mussten aufgrund der Pandemie leider annuliert werden.&nbsp;&nbsp; Mitgliederversammlung 2020 Am 1. Februar 2020 fand unsere Mitgliederversammlung im Restaurant Belvoir statt [&hellip;]<\/p>\n","protected":false},"author":1,"featured_media":1602,"parent":2757,"menu_order":0,"comment_status":"closed","ping_status":"closed","template":"page-templates\/full-width-page.php","meta":{"footnotes":""},"class_list":["post-107","page","type-page","status-publish","has-post-thumbnail","hentry"],"_links":{"self":[{"href":"https:\/\/www.ubu-zh.ch\/fr\/wp-json\/wp\/v2\/pages\/107","targetHints":{"allow":["GET"]}}],"collection":[{"href":"https:\/\/www.ubu-zh.ch\/fr\/wp-json\/wp\/v2\/pages"}],"about":[{"href":"https:\/\/www.ubu-zh.ch\/fr\/wp-json\/wp\/v2\/types\/page"}],"author":[{"embeddable":true,"href":"https:\/\/www.ubu-zh.ch\/fr\/wp-json\/wp\/v2\/users\/1"}],"replies":[{"embeddable":true,"href":"https:\/\/www.ubu-zh.ch\/fr\/wp-json\/wp\/v2\/comments?post=107"}],"version-history":[{"count":20,"href":"https:\/\/www.ubu-zh.ch\/fr\/wp-json\/wp\/v2\/pages\/107\/revisions"}],"predecessor-version":[{"id":3613,"href":"https:\/\/www.ubu-zh.ch\/fr\/wp-json\/wp\/v2\/pages\/107\/revisions\/3613"}],"up":[{"embeddable":true,"href":"https:\/\/www.ubu-zh.ch\/fr\/wp-json\/wp\/v2\/pages\/2757"}],"wp:featuredmedia":[{"embeddable":true,"href":"https:\/\/www.ubu-zh.ch\/fr\/wp-json\/wp\/v2\/media\/1602"}],"wp:attachment":[{"href":"https:\/\/www.ubu-zh.ch\/fr\/wp-json\/wp\/v2\/media?parent=107"}],"curies":[{"name":"wp","href":"https:\/\/api.w.org\/{rel}","templated":true}]}}