{"id":2526,"date":"2019-12-11T14:35:29","date_gmt":"2019-12-11T13:35:29","guid":{"rendered":"http:\/\/www.ubu-zh.ch\/?page_id=2526"},"modified":"2021-08-13T17:28:46","modified_gmt":"2021-08-13T15:28:46","slug":"assemblee-generale-2019","status":"publish","type":"page","link":"https:\/\/www.ubu-zh.ch\/fr\/photos\/photos-2\/assemblee-generale-2019\/","title":{"rendered":"Assembl\u00e9e g\u00e9n\u00e9rale 2019"},"content":{"rendered":"<div data-colibri-id=\"2526-c1\" class=\"style-1229 style-local-2526-c1 position-relative\">\n  <!---->\n  <div data-colibri-component=\"section\" data-colibri-id=\"2526-c2\" id=\"custom\" class=\"h-section h-section-global-spacing d-flex align-items-lg-center align-items-md-center align-items-center style-1538 style-local-2526-c2 position-relative\">\n    <!---->\n    <!---->\n    <div class=\"h-section-grid-container h-section-boxed-container\">\n      <!---->\n      <div data-colibri-id=\"2526-c3\" class=\"h-row-container gutters-row-lg-2 gutters-row-md-2 gutters-row-0 gutters-row-v-lg-2 gutters-row-v-md-2 gutters-row-v-2 style-1541 style-local-2526-c3 position-relative\">\n        <!---->\n        <div class=\"h-row justify-content-lg-center justify-content-md-center justify-content-center align-items-lg-stretch align-items-md-stretch align-items-stretch gutters-col-lg-2 gutters-col-md-2 gutters-col-0 gutters-col-v-lg-2 gutters-col-v-md-2 gutters-col-v-2\">\n          <!---->\n          <div class=\"h-column h-column-container d-flex h-col-lg-auto h-col-md-auto h-col-auto style-1542-outer style-local-2526-c4-outer\">\n            <div data-colibri-id=\"2526-c4\" class=\"d-flex h-flex-basis h-column__inner h-px-lg-2 h-px-md-2 h-px-2 v-inner-lg-2 v-inner-md-2 v-inner-2 style-1542 style-local-2526-c4 position-relative\">\n              <!---->\n              <!---->\n              <div class=\"w-100 h-y-container h-column__content h-column__v-align flex-basis-100 align-self-lg-start align-self-md-start align-self-start\">\n                <!---->\n                <div data-colibri-id=\"2526-c5\" class=\"h-global-transition-all h-heading style-1543 style-local-2526-c5 position-relative h-element\">\n                  <!---->\n                  <div class=\"h-heading__outer style-1543 style-local-2526-c5\">\n                    <!---->\n                    <!---->\n                    <h1 class=\"\">Assembl\u00e9e g\u00e9n\u00e9rale - 09.02.2019<\/h1>\n                  <\/div>\n                <\/div>\n              <\/div>\n            <\/div>\n          <\/div>\n        <\/div>\n      <\/div>\n    <\/div>\n  <\/div>\n  <div data-colibri-component=\"section\" data-colibri-id=\"2526-c6\" id=\"photo-gallery\" class=\"h-section h-section-global-spacing d-flex align-items-lg-center align-items-md-center align-items-center style-1544 style-local-2526-c6 position-relative\">\n    <!---->\n    <!---->\n    <div class=\"h-section-grid-container h-section-boxed-container\">\n      <!---->\n      <div data-colibri-id=\"2526-c7\" class=\"h-row-container gutters-row-lg-2 gutters-row-md-2 gutters-row-2 gutters-row-v-lg-2 gutters-row-v-md-2 gutters-row-v-2 style-1545 style-local-2526-c7 position-relative\">\n        <!---->\n        <div class=\"h-row justify-content-lg-center justify-content-md-center justify-content-center align-items-lg-stretch align-items-md-stretch align-items-stretch gutters-col-lg-2 gutters-col-md-2 gutters-col-2 gutters-col-v-lg-2 gutters-col-v-md-2 gutters-col-v-2\">\n          <!---->\n          <div class=\"h-column h-column-container d-flex h-col-lg-auto h-col-md-auto h-col-auto style-1546-outer style-local-2526-c8-outer\">\n            <div data-colibri-id=\"2526-c8\" class=\"d-flex h-flex-basis h-column__inner h-px-lg-2 h-px-md-2 h-px-2 v-inner-lg-2 v-inner-md-2 v-inner-2 style-1546 style-local-2526-c8 position-relative\">\n              <!---->\n              <!---->\n              <div class=\"w-100 h-y-container h-column__content h-column__v-align flex-basis-100 align-self-lg-start align-self-md-start align-self-start\">\n                <!---->\n                <div data-colibri-component=\"masonry\" data-colibri-id=\"2526-c9\" class=\"h-photo-gallery margin-none caption-none style-1547 style-local-2526-c9 position-relative h-element\">\n                  <!---->\n                  <div class=\"h-global-transition-all caption-wrapper-full\"><div id='colibri-2526-c9' class='gallery-wrapper'>    <style type=\"text\/css\">\n\n        @media (min-width: 1023px) {        #colibri-2526-c9        dl {\n            float: left;\n            width: 50% !important;\n            max-width: 50% !important;\n            min-width: 50% !important;\n        }\n\n        #colibri-2526-c9        dl:nth-of-type(2n +1 ) {\n            clear: both;\n        }\n\n        }@media (min-width: 768px) and (max-width: 1023px) {        #colibri-2526-c9        dl {\n            float: left;\n            width: 50% !important;\n            max-width: 50% !important;\n            min-width: 50% !important;\n        }\n\n        #colibri-2526-c9        dl:nth-of-type(2n +1 ) {\n            clear: both;\n        }\n\n        }@media (max-width: 767px) {        #colibri-2526-c9        dl {\n            float: left;\n            width: 50% !important;\n            max-width: 50% !important;\n            min-width: 50% !important;\n        }\n\n        #colibri-2526-c9        dl:nth-of-type(2n +1 ) {\n            clear: both;\n        }\n\n        }\n        #colibri-2526-c9        .gallery-item {\n            position: relative;\n        }\n\n        \n    <\/style>\n    <div   class='colibri-2526-c9-dls-wrapper gallery-items-wrapper' ><dl class='gallery-item masonry-item'>\n\t\t\t<dt class='gallery-icon landscape'>\n\t\t\t\t<a data-fancybox=\"colibri-2526-c9-group\" href='https:\/\/www.ubu-zh.ch\/wp-content\/uploads\/2019\/12\/cropped-mosselen-8.jpg'><img loading=\"lazy\" decoding=\"async\"  width=\"300\" height=\"300\" src=\"https:\/\/www.ubu-zh.ch\/wp-content\/uploads\/2019\/12\/cropped-mosselen-8-300x300.jpg\"  class='colibri-2526-c9-image' alt=\"\" srcset=\"https:\/\/www.ubu-zh.ch\/wp-content\/uploads\/2019\/12\/cropped-mosselen-8-300x300.jpg 300w, https:\/\/www.ubu-zh.ch\/wp-content\/uploads\/2019\/12\/cropped-mosselen-8-150x150.jpg 150w, https:\/\/www.ubu-zh.ch\/wp-content\/uploads\/2019\/12\/cropped-mosselen-8-768x768.jpg 768w, https:\/\/www.ubu-zh.ch\/wp-content\/uploads\/2019\/12\/cropped-mosselen-8-1024x1024.jpg 1024w, https:\/\/www.ubu-zh.ch\/wp-content\/uploads\/2019\/12\/cropped-mosselen-8.jpg 1836w\" sizes=\"auto, (max-width: 300px) 100vw, 300px\" \/><\/a>\n\t\t\t<\/dt><\/dl><dl class='gallery-item masonry-item'>\n\t\t\t<dt class='gallery-icon landscape'>\n\t\t\t\t<a data-fancybox=\"colibri-2526-c9-group\" href='https:\/\/www.ubu-zh.ch\/wp-content\/uploads\/2019\/12\/mosselen-1.jpg'><img loading=\"lazy\" decoding=\"async\"  width=\"300\" height=\"169\" src=\"https:\/\/www.ubu-zh.ch\/wp-content\/uploads\/2019\/12\/mosselen-1-300x169.jpg\"  class='colibri-2526-c9-image' alt=\"\" srcset=\"https:\/\/www.ubu-zh.ch\/wp-content\/uploads\/2019\/12\/mosselen-1-300x169.jpg 300w, https:\/\/www.ubu-zh.ch\/wp-content\/uploads\/2019\/12\/mosselen-1-768x432.jpg 768w, https:\/\/www.ubu-zh.ch\/wp-content\/uploads\/2019\/12\/mosselen-1-1024x576.jpg 1024w\" sizes=\"auto, (max-width: 300px) 100vw, 300px\" \/><\/a>\n\t\t\t<\/dt><\/dl><dl class='gallery-item masonry-item'>\n\t\t\t<dt class='gallery-icon landscape'>\n\t\t\t\t<a data-fancybox=\"colibri-2526-c9-group\" href='https:\/\/www.ubu-zh.ch\/wp-content\/uploads\/2019\/12\/mosselen-10.jpg'><img loading=\"lazy\" decoding=\"async\"  width=\"300\" height=\"169\" src=\"https:\/\/www.ubu-zh.ch\/wp-content\/uploads\/2019\/12\/mosselen-10-300x169.jpg\"  class='colibri-2526-c9-image' alt=\"\" srcset=\"https:\/\/www.ubu-zh.ch\/wp-content\/uploads\/2019\/12\/mosselen-10-300x169.jpg 300w, https:\/\/www.ubu-zh.ch\/wp-content\/uploads\/2019\/12\/mosselen-10-768x432.jpg 768w, https:\/\/www.ubu-zh.ch\/wp-content\/uploads\/2019\/12\/mosselen-10-1024x576.jpg 1024w\" sizes=\"auto, (max-width: 300px) 100vw, 300px\" \/><\/a>\n\t\t\t<\/dt><\/dl><dl class='gallery-item masonry-item'>\n\t\t\t<dt class='gallery-icon landscape'>\n\t\t\t\t<a data-fancybox=\"colibri-2526-c9-group\" href='https:\/\/www.ubu-zh.ch\/wp-content\/uploads\/2019\/12\/mosselen-12.jpg'><img loading=\"lazy\" decoding=\"async\"  width=\"300\" height=\"169\" src=\"https:\/\/www.ubu-zh.ch\/wp-content\/uploads\/2019\/12\/mosselen-12-300x169.jpg\"  class='colibri-2526-c9-image' alt=\"\" srcset=\"https:\/\/www.ubu-zh.ch\/wp-content\/uploads\/2019\/12\/mosselen-12-300x169.jpg 300w, https:\/\/www.ubu-zh.ch\/wp-content\/uploads\/2019\/12\/mosselen-12-768x432.jpg 768w, https:\/\/www.ubu-zh.ch\/wp-content\/uploads\/2019\/12\/mosselen-12-1024x576.jpg 1024w\" sizes=\"auto, (max-width: 300px) 100vw, 300px\" \/><\/a>\n\t\t\t<\/dt><\/dl><dl class='gallery-item masonry-item'>\n\t\t\t<dt class='gallery-icon landscape'>\n\t\t\t\t<a data-fancybox=\"colibri-2526-c9-group\" href='https:\/\/www.ubu-zh.ch\/wp-content\/uploads\/2019\/12\/mosselen-15.jpg'><img loading=\"lazy\" decoding=\"async\"  width=\"300\" height=\"169\" src=\"https:\/\/www.ubu-zh.ch\/wp-content\/uploads\/2019\/12\/mosselen-15-300x169.jpg\"  class='colibri-2526-c9-image' alt=\"\" srcset=\"https:\/\/www.ubu-zh.ch\/wp-content\/uploads\/2019\/12\/mosselen-15-300x169.jpg 300w, https:\/\/www.ubu-zh.ch\/wp-content\/uploads\/2019\/12\/mosselen-15-768x432.jpg 768w, https:\/\/www.ubu-zh.ch\/wp-content\/uploads\/2019\/12\/mosselen-15-1024x576.jpg 1024w\" sizes=\"auto, (max-width: 300px) 100vw, 300px\" \/><\/a>\n\t\t\t<\/dt><\/dl><dl class='gallery-item masonry-item'>\n\t\t\t<dt class='gallery-icon landscape'>\n\t\t\t\t<a data-fancybox=\"colibri-2526-c9-group\" href='https:\/\/www.ubu-zh.ch\/wp-content\/uploads\/2019\/12\/mosselen-18.jpg'><img loading=\"lazy\" decoding=\"async\"  width=\"300\" height=\"169\" src=\"https:\/\/www.ubu-zh.ch\/wp-content\/uploads\/2019\/12\/mosselen-18-300x169.jpg\"  class='colibri-2526-c9-image' alt=\"\" srcset=\"https:\/\/www.ubu-zh.ch\/wp-content\/uploads\/2019\/12\/mosselen-18-300x169.jpg 300w, https:\/\/www.ubu-zh.ch\/wp-content\/uploads\/2019\/12\/mosselen-18-768x432.jpg 768w, https:\/\/www.ubu-zh.ch\/wp-content\/uploads\/2019\/12\/mosselen-18-1024x576.jpg 1024w\" sizes=\"auto, (max-width: 300px) 100vw, 300px\" \/><\/a>\n\t\t\t<\/dt><\/dl><dl class='gallery-item masonry-item'>\n\t\t\t<dt class='gallery-icon landscape'>\n\t\t\t\t<a data-fancybox=\"colibri-2526-c9-group\" href='https:\/\/www.ubu-zh.ch\/wp-content\/uploads\/2019\/12\/mosselen-21.jpg'><img loading=\"lazy\" decoding=\"async\"  width=\"300\" height=\"169\" src=\"https:\/\/www.ubu-zh.ch\/wp-content\/uploads\/2019\/12\/mosselen-21-300x169.jpg\"  class='colibri-2526-c9-image' alt=\"\" srcset=\"https:\/\/www.ubu-zh.ch\/wp-content\/uploads\/2019\/12\/mosselen-21-300x169.jpg 300w, https:\/\/www.ubu-zh.ch\/wp-content\/uploads\/2019\/12\/mosselen-21-768x432.jpg 768w, https:\/\/www.ubu-zh.ch\/wp-content\/uploads\/2019\/12\/mosselen-21-1024x576.jpg 1024w\" sizes=\"auto, (max-width: 300px) 100vw, 300px\" \/><\/a>\n\t\t\t<\/dt><\/dl><dl class='gallery-item masonry-item'>\n\t\t\t<dt class='gallery-icon landscape'>\n\t\t\t\t<a data-fancybox=\"colibri-2526-c9-group\" href='https:\/\/www.ubu-zh.ch\/wp-content\/uploads\/2019\/12\/mosselen-26.jpg'><img loading=\"lazy\" decoding=\"async\"  width=\"300\" height=\"169\" src=\"https:\/\/www.ubu-zh.ch\/wp-content\/uploads\/2019\/12\/mosselen-26-300x169.jpg\"  class='colibri-2526-c9-image' alt=\"\" srcset=\"https:\/\/www.ubu-zh.ch\/wp-content\/uploads\/2019\/12\/mosselen-26-300x169.jpg 300w, https:\/\/www.ubu-zh.ch\/wp-content\/uploads\/2019\/12\/mosselen-26-768x432.jpg 768w, https:\/\/www.ubu-zh.ch\/wp-content\/uploads\/2019\/12\/mosselen-26-1024x576.jpg 1024w\" sizes=\"auto, (max-width: 300px) 100vw, 300px\" \/><\/a>\n\t\t\t<\/dt><\/dl><dl class='gallery-item masonry-item'>\n\t\t\t<dt class='gallery-icon landscape'>\n\t\t\t\t<a data-fancybox=\"colibri-2526-c9-group\" href='https:\/\/www.ubu-zh.ch\/wp-content\/uploads\/2019\/12\/mosselen-3.jpg'><img loading=\"lazy\" decoding=\"async\"  width=\"300\" height=\"169\" src=\"https:\/\/www.ubu-zh.ch\/wp-content\/uploads\/2019\/12\/mosselen-3-300x169.jpg\"  class='colibri-2526-c9-image' alt=\"\" srcset=\"https:\/\/www.ubu-zh.ch\/wp-content\/uploads\/2019\/12\/mosselen-3-300x169.jpg 300w, https:\/\/www.ubu-zh.ch\/wp-content\/uploads\/2019\/12\/mosselen-3-768x432.jpg 768w, https:\/\/www.ubu-zh.ch\/wp-content\/uploads\/2019\/12\/mosselen-3-1024x576.jpg 1024w\" sizes=\"auto, (max-width: 300px) 100vw, 300px\" \/><\/a>\n\t\t\t<\/dt><\/dl><dl class='gallery-item masonry-item'>\n\t\t\t<dt class='gallery-icon landscape'>\n\t\t\t\t<a data-fancybox=\"colibri-2526-c9-group\" href='https:\/\/www.ubu-zh.ch\/wp-content\/uploads\/2019\/12\/mosselen-31.jpg'><img loading=\"lazy\" decoding=\"async\"  width=\"300\" height=\"169\" src=\"https:\/\/www.ubu-zh.ch\/wp-content\/uploads\/2019\/12\/mosselen-31-300x169.jpg\"  class='colibri-2526-c9-image' alt=\"\" srcset=\"https:\/\/www.ubu-zh.ch\/wp-content\/uploads\/2019\/12\/mosselen-31-300x169.jpg 300w, https:\/\/www.ubu-zh.ch\/wp-content\/uploads\/2019\/12\/mosselen-31-768x432.jpg 768w, https:\/\/www.ubu-zh.ch\/wp-content\/uploads\/2019\/12\/mosselen-31-1024x576.jpg 1024w\" sizes=\"auto, (max-width: 300px) 100vw, 300px\" \/><\/a>\n\t\t\t<\/dt><\/dl><dl class='gallery-item masonry-item'>\n\t\t\t<dt class='gallery-icon landscape'>\n\t\t\t\t<a data-fancybox=\"colibri-2526-c9-group\" href='https:\/\/www.ubu-zh.ch\/wp-content\/uploads\/2019\/12\/mosselen-6.jpg'><img loading=\"lazy\" decoding=\"async\"  width=\"300\" height=\"169\" src=\"https:\/\/www.ubu-zh.ch\/wp-content\/uploads\/2019\/12\/mosselen-6-300x169.jpg\"  class='colibri-2526-c9-image' alt=\"\" srcset=\"https:\/\/www.ubu-zh.ch\/wp-content\/uploads\/2019\/12\/mosselen-6-300x169.jpg 300w, https:\/\/www.ubu-zh.ch\/wp-content\/uploads\/2019\/12\/mosselen-6-768x432.jpg 768w, https:\/\/www.ubu-zh.ch\/wp-content\/uploads\/2019\/12\/mosselen-6-1024x576.jpg 1024w\" sizes=\"auto, (max-width: 300px) 100vw, 300px\" \/><\/a>\n\t\t\t<\/dt><\/dl><dl class='gallery-item masonry-item'>\n\t\t\t<dt class='gallery-icon landscape'>\n\t\t\t\t<a data-fancybox=\"colibri-2526-c9-group\" href='https:\/\/www.ubu-zh.ch\/wp-content\/uploads\/2019\/12\/mosselen-9.jpg'><img loading=\"lazy\" decoding=\"async\"  width=\"300\" height=\"169\" src=\"https:\/\/www.ubu-zh.ch\/wp-content\/uploads\/2019\/12\/mosselen-9-300x169.jpg\"  class='colibri-2526-c9-image' alt=\"\" srcset=\"https:\/\/www.ubu-zh.ch\/wp-content\/uploads\/2019\/12\/mosselen-9-300x169.jpg 300w, https:\/\/www.ubu-zh.ch\/wp-content\/uploads\/2019\/12\/mosselen-9-768x432.jpg 768w, https:\/\/www.ubu-zh.ch\/wp-content\/uploads\/2019\/12\/mosselen-9-1024x576.jpg 1024w\" sizes=\"auto, (max-width: 300px) 100vw, 300px\" \/><\/a>\n\t\t\t<\/dt><\/dl><dl class='gallery-item masonry-item'>\n\t\t\t<dt class='gallery-icon landscape'>\n\t\t\t\t<a data-fancybox=\"colibri-2526-c9-group\" href='https:\/\/www.ubu-zh.ch\/wp-content\/uploads\/2019\/12\/msselen-24.jpg'><img loading=\"lazy\" decoding=\"async\"  width=\"300\" height=\"169\" src=\"https:\/\/www.ubu-zh.ch\/wp-content\/uploads\/2019\/12\/msselen-24-300x169.jpg\"  class='colibri-2526-c9-image' alt=\"\" srcset=\"https:\/\/www.ubu-zh.ch\/wp-content\/uploads\/2019\/12\/msselen-24-300x169.jpg 300w, https:\/\/www.ubu-zh.ch\/wp-content\/uploads\/2019\/12\/msselen-24-768x432.jpg 768w, https:\/\/www.ubu-zh.ch\/wp-content\/uploads\/2019\/12\/msselen-24-1024x576.jpg 1024w\" sizes=\"auto, (max-width: 300px) 100vw, 300px\" \/><\/a>\n\t\t\t<\/dt><\/dl><dl class='gallery-item masonry-item'>\n\t\t\t<dt class='gallery-icon landscape'>\n\t\t\t\t<a data-fancybox=\"colibri-2526-c9-group\" href='https:\/\/www.ubu-zh.ch\/wp-content\/uploads\/2019\/12\/mosslen-27.jpg'><img loading=\"lazy\" decoding=\"async\"  width=\"300\" height=\"169\" src=\"https:\/\/www.ubu-zh.ch\/wp-content\/uploads\/2019\/12\/mosslen-27-300x169.jpg\"  class='colibri-2526-c9-image' alt=\"\" srcset=\"https:\/\/www.ubu-zh.ch\/wp-content\/uploads\/2019\/12\/mosslen-27-300x169.jpg 300w, https:\/\/www.ubu-zh.ch\/wp-content\/uploads\/2019\/12\/mosslen-27-768x432.jpg 768w, https:\/\/www.ubu-zh.ch\/wp-content\/uploads\/2019\/12\/mosslen-27-1024x576.jpg 1024w\" sizes=\"auto, (max-width: 300px) 100vw, 300px\" \/><\/a>\n\t\t\t<\/dt><\/dl><dl class='gallery-item masonry-item'>\n\t\t\t<dt class='gallery-icon landscape'>\n\t\t\t\t<a data-fancybox=\"colibri-2526-c9-group\" href='https:\/\/www.ubu-zh.ch\/wp-content\/uploads\/2019\/12\/mosselen-30.jpg'><img loading=\"lazy\" decoding=\"async\"  width=\"300\" height=\"169\" src=\"https:\/\/www.ubu-zh.ch\/wp-content\/uploads\/2019\/12\/mosselen-30-300x169.jpg\"  class='colibri-2526-c9-image' alt=\"\" srcset=\"https:\/\/www.ubu-zh.ch\/wp-content\/uploads\/2019\/12\/mosselen-30-300x169.jpg 300w, https:\/\/www.ubu-zh.ch\/wp-content\/uploads\/2019\/12\/mosselen-30-768x432.jpg 768w, https:\/\/www.ubu-zh.ch\/wp-content\/uploads\/2019\/12\/mosselen-30-1024x576.jpg 1024w\" sizes=\"auto, (max-width: 300px) 100vw, 300px\" \/><\/a>\n\t\t\t<\/dt><\/dl><dl class='gallery-item masonry-item'>\n\t\t\t<dt class='gallery-icon landscape'>\n\t\t\t\t<a data-fancybox=\"colibri-2526-c9-group\" href='https:\/\/www.ubu-zh.ch\/wp-content\/uploads\/2019\/12\/mosselen-29.jpg'><img loading=\"lazy\" decoding=\"async\"  width=\"300\" height=\"169\" src=\"https:\/\/www.ubu-zh.ch\/wp-content\/uploads\/2019\/12\/mosselen-29-300x169.jpg\"  class='colibri-2526-c9-image' alt=\"\" srcset=\"https:\/\/www.ubu-zh.ch\/wp-content\/uploads\/2019\/12\/mosselen-29-300x169.jpg 300w, https:\/\/www.ubu-zh.ch\/wp-content\/uploads\/2019\/12\/mosselen-29-768x432.jpg 768w, https:\/\/www.ubu-zh.ch\/wp-content\/uploads\/2019\/12\/mosselen-29-1024x576.jpg 1024w\" sizes=\"auto, (max-width: 300px) 100vw, 300px\" \/><\/a>\n\t\t\t<\/dt><\/dl>\n\t\t<\/div>\n<style>#colibri-2526-c9 .wp-caption-text.gallery-caption{display:none;}<\/style><\/div><\/div>\n                <\/div>\n              <\/div>\n            <\/div>\n          <\/div>\n        <\/div>\n      <\/div>\n      <div data-colibri-id=\"2526-c10\" class=\"h-row-container gutters-row-lg-2 gutters-row-md-2 gutters-row-0 gutters-row-v-lg-2 gutters-row-v-md-2 gutters-row-v-2 style-1554 style-local-2526-c10 position-relative\">\n        <!---->\n        <div class=\"h-row justify-content-lg-center justify-content-md-center justify-content-center align-items-lg-stretch align-items-md-stretch align-items-stretch gutters-col-lg-2 gutters-col-md-2 gutters-col-0 gutters-col-v-lg-2 gutters-col-v-md-2 gutters-col-v-2\">\n          <!---->\n          <div class=\"h-column h-column-container d-flex h-col-lg-auto h-col-md-auto h-col-auto style-1555-outer style-local-2526-c11-outer\">\n            <div data-colibri-id=\"2526-c11\" class=\"d-flex h-flex-basis h-column__inner h-px-lg-2 h-px-md-2 h-px-2 v-inner-lg-2 v-inner-md-2 v-inner-2 style-1555 style-local-2526-c11 position-relative\">\n              <!---->\n              <!---->\n              <div class=\"w-100 h-y-container h-column__content h-column__v-align flex-basis-100 align-self-lg-start align-self-md-start align-self-start\">\n                <!---->\n                <div data-colibri-id=\"2526-c12\" class=\"h-divider style-1553 style-local-2526-c12 position-relative h-element\">\n                  <!----><span class=\"h-divider__line style-1553-line style-local-2526-c12-line style-1553-line style-local-2526-c12-line\"><\/span> <span class=\"h-svg-icon h-divider__icon style-1553-icon style-local-2526-c12-icon\"><!--Icon by Font Awesome (https:\/\/fontawesome.com)--><svg version=\"1.1\" xmlns=\"http:\/\/www.w3.org\/2000\/svg\" xmlns:xlink=\"http:\/\/www.w3.org\/1999\/xlink\" id=\"camera\" viewbox=\"0 0 1920 1896.0833\"><path d=\"M960 672q119 0 203.5 84.5T1248 960t-84.5 203.5T960 1248t-203.5-84.5T672 960t84.5-203.5T960 672zm704-416q106 0 181 75t75 181v896q0 106-75 181t-181 75H256q-106 0-181-75T0 1408V512q0-106 75-181t181-75h224l51-136q19-49 69.5-84.5T704 0h512q53 0 103.5 35.5T1389 120l51 136h224zM960 1408q185 0 316.5-131.5T1408 960t-131.5-316.5T960 512 643.5 643.5 512 960t131.5 316.5T960 1408z\"><\/path><\/svg><\/span>                  <span class=\"h-divider__line style-1553-line style-local-2526-c12-line style-1553-line style-local-2526-c12-line\"><\/span><\/div>\n              <\/div>\n            <\/div>\n          <\/div>\n        <\/div>\n      <\/div>\n    <\/div>\n  <\/div>\n<\/div>","protected":false},"excerpt":{"rendered":"<p>Assembl\u00e9e g\u00e9n\u00e9rale - 09.02.2019<\/p>","protected":false},"author":1,"featured_media":0,"parent":109,"menu_order":0,"comment_status":"closed","ping_status":"closed","template":"page-templates\/full-width-page.php","meta":{"footnotes":""},"class_list":["post-2526","page","type-page","status-publish","hentry"],"_links":{"self":[{"href":"https:\/\/www.ubu-zh.ch\/fr\/wp-json\/wp\/v2\/pages\/2526","targetHints":{"allow":["GET"]}}],"collection":[{"href":"https:\/\/www.ubu-zh.ch\/fr\/wp-json\/wp\/v2\/pages"}],"about":[{"href":"https:\/\/www.ubu-zh.ch\/fr\/wp-json\/wp\/v2\/types\/page"}],"author":[{"embeddable":true,"href":"https:\/\/www.ubu-zh.ch\/fr\/wp-json\/wp\/v2\/users\/1"}],"replies":[{"embeddable":true,"href":"https:\/\/www.ubu-zh.ch\/fr\/wp-json\/wp\/v2\/comments?post=2526"}],"version-history":[{"count":6,"href":"https:\/\/www.ubu-zh.ch\/fr\/wp-json\/wp\/v2\/pages\/2526\/revisions"}],"predecessor-version":[{"id":3522,"href":"https:\/\/www.ubu-zh.ch\/fr\/wp-json\/wp\/v2\/pages\/2526\/revisions\/3522"}],"up":[{"embeddable":true,"href":"https:\/\/www.ubu-zh.ch\/fr\/wp-json\/wp\/v2\/pages\/109"}],"wp:attachment":[{"href":"https:\/\/www.ubu-zh.ch\/fr\/wp-json\/wp\/v2\/media?parent=2526"}],"curies":[{"name":"wp","href":"https:\/\/api.w.org\/{rel}","templated":true}]}}