{"id":4103,"date":"2021-10-25T15:27:55","date_gmt":"2021-10-25T13:27:55","guid":{"rendered":"http:\/\/www.ubu-zh.ch\/?page_id=4103"},"modified":"2024-07-07T08:03:51","modified_gmt":"2024-07-07T06:03:51","slug":"2021-2","status":"publish","type":"page","link":"https:\/\/www.ubu-zh.ch\/fr\/photos\/2021-2\/","title":{"rendered":"2021"},"content":{"rendered":"<div data-colibri-id=\"4103-c1\" class=\"style-1895 style-local-4103-c1 position-relative\">\n  <!---->\n  <div data-colibri-component=\"section\" data-colibri-id=\"4103-c2\" id=\"custom\" class=\"h-section h-section-global-spacing d-flex align-items-lg-center align-items-md-center align-items-center style-1896 style-local-4103-c2 position-relative\">\n    <!---->\n    <!---->\n    <div class=\"h-section-grid-container h-section-boxed-container\">\n      <!---->\n      <div data-colibri-id=\"4103-c3\" class=\"h-row-container gutters-row-lg-0 gutters-row-md-0 gutters-row-0 gutters-row-v-lg-0 gutters-row-v-md-0 gutters-row-v-0 style-1897 style-local-4103-c3 position-relative\">\n        <!---->\n        <div class=\"h-row justify-content-lg-center justify-content-md-center justify-content-center align-items-lg-stretch align-items-md-stretch align-items-stretch gutters-col-lg-0 gutters-col-md-0 gutters-col-0 gutters-col-v-lg-0 gutters-col-v-md-0 gutters-col-v-0\">\n          <!---->\n          <div class=\"h-column h-column-container d-flex h-col-lg-auto h-col-md-auto h-col-auto style-1898-outer style-local-4103-c4-outer\">\n            <div data-colibri-id=\"4103-c4\" class=\"d-flex h-flex-basis h-column__inner h-px-lg-0 h-px-md-0 h-px-0 v-inner-lg-0 v-inner-md-0 v-inner-0 style-1898 style-local-4103-c4 position-relative\">\n              <!---->\n              <!---->\n              <div class=\"w-100 h-y-container h-column__content h-column__v-align flex-basis-100 align-self-lg-start align-self-md-start align-self-start\">\n                <!---->\n                <div data-colibri-id=\"4103-c5\" class=\"h-global-transition-all h-heading style-1899 style-local-4103-c5 position-relative h-element\">\n                  <!---->\n                  <div class=\"h-heading__outer style-1899 style-local-4103-c5\">\n                    <!---->\n                    <!---->\n                    <h1 class=\"\">Photos 2021<\/h1>\n                  <\/div>\n                <\/div>\n              <\/div>\n            <\/div>\n          <\/div>\n        <\/div>\n      <\/div>\n    <\/div>\n  <\/div>\n  <div data-colibri-component=\"section\" data-colibri-id=\"4103-c6\" id=\"content\" class=\"h-section h-section-global-spacing d-flex align-items-lg-center align-items-md-center align-items-center style-1900 style-local-4103-c6 position-relative\">\n    <!---->\n    <!---->\n    <div class=\"h-section-grid-container h-section-boxed-container\">\n      <div data-colibri-id=\"4103-c29\" class=\"h-row-container gutters-row-lg-2 gutters-row-md-2 gutters-row-2 gutters-row-v-lg-2 gutters-row-v-md-2 gutters-row-v-2 style-1912 style-local-4103-c29 position-relative\">\n        <!---->\n        <div class=\"h-row justify-content-lg-center justify-content-md-center justify-content-center align-items-lg-stretch align-items-md-stretch align-items-stretch gutters-col-lg-2 gutters-col-md-2 gutters-col-2 gutters-col-v-lg-2 gutters-col-v-md-2 gutters-col-v-2\">\n          <!---->\n          <div class=\"h-column h-column-container d-flex h-col-lg-auto h-col-md-auto h-col-auto style-1913-outer style-local-4103-c30-outer\">\n            <div data-colibri-id=\"4103-c30\" class=\"d-flex h-flex-basis h-column__inner h-px-lg-2 h-px-md-2 h-px-2 v-inner-lg-2 v-inner-md-2 v-inner-2 style-1913 style-local-4103-c30 position-relative\">\n              <!---->\n              <!---->\n              <div class=\"w-100 h-y-container h-column__content h-column__v-align flex-basis-100 align-self-lg-start align-self-md-start align-self-start\">\n                <!---->\n                <div data-colibri-id=\"4103-c31\" class=\"h-lead h-text h-text-component style-1915 style-local-4103-c31 position-relative h-element\">\n                  <!---->\n                  <!---->\n                  <div class=\"\">\n                    <p>A partir du second semestre 2021, nous avons enfin pu \u00e0 nouveau organiser des \u00e9v\u00e9nements pour nos membres, amis et connaissances.\n                      <br>\n                      <br>Cette page est continuellement mise \u00e0 jour.&nbsp;<\/p>\n                  <\/div>\n                <\/div>\n              <\/div>\n            <\/div>\n          <\/div>\n        <\/div>\n      <\/div>\n      <div data-colibri-id=\"4103-c7\" class=\"h-row-container gutters-row-lg-2 gutters-row-md-2 gutters-row-2 gutters-row-v-lg-2 gutters-row-v-md-2 gutters-row-v-2 style-1901 style-local-4103-c7 position-relative\">\n        <!---->\n        <div class=\"h-row justify-content-lg-center justify-content-md-center justify-content-center align-items-lg-stretch align-items-md-stretch align-items-stretch gutters-col-lg-2 gutters-col-md-2 gutters-col-2 gutters-col-v-lg-2 gutters-col-v-md-2 gutters-col-v-2\">\n          <!---->\n          <div class=\"h-column h-column-container d-flex h-col-lg-auto h-col-md-auto h-col-auto style-1902-outer style-local-4103-c8-outer\">\n            <div data-colibri-id=\"4103-c8\" class=\"d-flex h-flex-basis h-column__inner h-px-lg-0 h-px-md-0 h-px-0 v-inner-lg-0 v-inner-md-0 v-inner-0 style-1902 style-local-4103-c8 position-relative\">\n              <!---->\n              <!---->\n              <div class=\"w-100 h-y-container h-column__content h-column__v-align flex-basis-100 align-self-lg-start align-self-md-start align-self-start\">\n                <!---->\n                <div data-colibri-id=\"4103-c9\" class=\"h-row-container gutters-row-lg-2 gutters-row-md-2 gutters-row-2 gutters-row-v-lg-2 gutters-row-v-md-2 gutters-row-v-2 style-1903 style-local-4103-c9 position-relative\">\n                  <!---->\n                  <div class=\"h-row justify-content-lg-center justify-content-md-center justify-content-center align-items-lg-stretch align-items-md-stretch align-items-stretch gutters-col-lg-2 gutters-col-md-2 gutters-col-2 gutters-col-v-lg-2 gutters-col-v-md-2 gutters-col-v-2\">\n                    <!---->\n                    <div class=\"h-column h-column-container d-flex h-col-lg-auto h-col-md-auto h-col-auto style-1904-outer style-local-4103-c10-outer\">\n                      <div data-colibri-id=\"4103-c10\" class=\"d-flex h-flex-basis h-column__inner h-px-lg-0 h-px-md-0 h-px-0 v-inner-lg-0 v-inner-md-0 v-inner-0 style-1904 style-local-4103-c10 position-relative\">\n                        <!---->\n                        <!---->\n                        <div class=\"w-100 h-y-container h-column__content h-column__v-align flex-basis-100 align-self-lg-center align-self-md-center align-self-center\">\n                          <!---->\n                          <div data-colibri-id=\"4103-c11\" class=\"h-global-transition-all h-heading style-1905 style-local-4103-c11 position-relative h-element\">\n                            <!---->\n                            <div class=\"h-heading__outer style-1905 style-local-4103-c11\">\n                              <!---->\n                              <!---->\n                              <h4 class=\"\">EURO2020 \u00e0 Rapperswil<\/h4>\n                            <\/div>\n                          <\/div>\n                          <div data-colibri-id=\"4103-c12\" class=\"h-text h-text-component style-1906 style-local-4103-c12 position-relative h-element\">\n                            <!---->\n                            <!---->\n                            <div class=\"\">\n                              <p><span style=\"font-weight: 300;\">\u00c0 premi\u00e8re vue, il s'agissait d'une soir\u00e9e parfaite pour une projection publique - d'abord le match de la Suisse, puis celui de la Belgique.&nbsp;<\/span><span style=\"font-weight: 300;\"><br><\/span>\n                                <span\n                                  style=\"font-weight: 300;\">Malheureusement, \u00e0 la fin de la soir\u00e9e, nous \u00e9tions du c\u00f4t\u00e9 des perdants dans les deux matchs.&nbsp;\n                                  <br>Cependant, la soir\u00e9e a quand m\u00eame \u00e9t\u00e9 agr\u00e9able et nous avons vraiment appr\u00e9ci\u00e9 de revoir certains membres apr\u00e8s si longtemps.&nbsp;<\/span>\n                              <\/p>\n                              <p><span style=\"font-weight: 300;\"><br><\/span><\/p>\n                              <p>\n                                <br>\n                              <\/p>\n                            <\/div>\n                          <\/div>\n                        <\/div>\n                      <\/div>\n                    <\/div>\n                    <div class=\"h-column h-column-container d-flex h-col-lg-auto h-col-md-auto h-col-auto style-1907-outer style-local-4103-c13-outer\">\n                      <div data-colibri-id=\"4103-c13\" class=\"d-flex h-flex-basis h-column__inner h-ui-empty-state-container h-px-lg-0 h-px-md-0 h-px-0 v-inner-lg-0 v-inner-md-0 v-inner-0 style-1907 style-local-4103-c13 position-relative\">\n                        <!---->\n                        <!---->\n                        <div class=\"w-100 h-y-container h-column__content h-column__v-align flex-basis-100\">\n                          <!---->\n                        <\/div>\n                      <\/div>\n                    <\/div>\n                  <\/div>\n                <\/div>\n                <div data-colibri-id=\"4103-c14\" class=\"h-row-container gutters-row-lg-2 gutters-row-md-2 gutters-row-2 gutters-row-v-lg-2 gutters-row-v-md-2 gutters-row-v-2 style-1903 style-local-4103-c14 position-relative\">\n                  <!---->\n                  <div class=\"h-row justify-content-lg-center justify-content-md-center justify-content-center align-items-lg-stretch align-items-md-stretch align-items-stretch gutters-col-lg-2 gutters-col-md-2 gutters-col-2 gutters-col-v-lg-2 gutters-col-v-md-2 gutters-col-v-2\">\n                    <!---->\n                    <div class=\"h-column h-column-container d-flex h-col-lg-auto h-col-md-auto h-col-auto style-1908-outer style-local-4103-c15-outer\">\n                      <div data-colibri-id=\"4103-c15\" class=\"d-flex h-flex-basis h-column__inner h-ui-empty-state-container h-px-lg-0 h-px-md-0 h-px-0 v-inner-lg-0 v-inner-md-0 v-inner-0 style-1908 style-local-4103-c15 position-relative\">\n                        <!---->\n                        <!---->\n                        <div class=\"w-100 h-y-container h-column__content h-column__v-align flex-basis-100\">\n                          <!---->\n                        <\/div>\n                      <\/div>\n                    <\/div>\n                    <div class=\"h-column h-column-container d-flex h-col-lg-auto h-col-md-auto h-col-auto style-1904-outer style-local-4103-c16-outer\">\n                      <div data-colibri-id=\"4103-c16\" class=\"d-flex h-flex-basis h-column__inner h-px-lg-0 h-px-md-0 h-px-0 v-inner-lg-0 v-inner-md-0 v-inner-0 style-1904 style-local-4103-c16 position-relative\">\n                        <!---->\n                        <!---->\n                        <div class=\"w-100 h-y-container h-column__content h-column__v-align flex-basis-100 align-self-lg-center align-self-md-center align-self-center\">\n                          <!---->\n                          <div data-colibri-id=\"4103-c17\" class=\"h-global-transition-all h-heading style-1905 style-local-4103-c17 position-relative h-element\">\n                            <!---->\n                            <div class=\"h-heading__outer style-1905 style-local-4103-c17\">\n                              <!---->\n                              <!---->\n                              <h4 class=\"\">Atzm\u00e4nnig<\/h4>\n                            <\/div>\n                          <\/div>\n                          <div data-colibri-id=\"4103-c18\" class=\"h-text h-text-component style-1909 style-local-4103-c18 position-relative h-element\">\n                            <!---->\n                            <!---->\n                            <div class=\"\">\n                              <p><span style=\"font-weight: 300;\">L'excursion \u00e0 l'Atzm\u00e4nnig a malheureusement d\u00fb \u00eatre annul\u00e9e en raison du mauvais temps.&nbsp;<\/span><\/p>\n                            <\/div>\n                          <\/div>\n                        <\/div>\n                      <\/div>\n                    <\/div>\n                  <\/div>\n                <\/div>\n                <div data-colibri-id=\"4103-c19\" class=\"h-row-container gutters-row-lg-2 gutters-row-md-2 gutters-row-2 gutters-row-v-lg-2 gutters-row-v-md-2 gutters-row-v-2 style-1903 style-local-4103-c19 position-relative\">\n                  <!---->\n                  <div class=\"h-row justify-content-lg-center justify-content-md-center justify-content-center align-items-lg-stretch align-items-md-stretch align-items-stretch gutters-col-lg-2 gutters-col-md-2 gutters-col-2 gutters-col-v-lg-2 gutters-col-v-md-2 gutters-col-v-2\">\n                    <!---->\n                    <div class=\"h-column h-column-container d-flex h-col-lg-auto h-col-md-auto h-col-auto style-1904-outer style-local-4103-c20-outer\">\n                      <div data-colibri-id=\"4103-c20\" class=\"d-flex h-flex-basis h-column__inner h-px-lg-0 h-px-md-0 h-px-0 v-inner-lg-0 v-inner-md-0 v-inner-0 style-1904 style-local-4103-c20 position-relative\">\n                        <!---->\n                        <!---->\n                        <div class=\"w-100 h-y-container h-column__content h-column__v-align flex-basis-100 align-self-lg-center align-self-md-center align-self-center\">\n                          <!---->\n                          <div data-colibri-id=\"4103-c21\" class=\"h-global-transition-all h-heading style-1905 style-local-4103-c21 position-relative h-element\">\n                            <!---->\n                            <div class=\"h-heading__outer style-1905 style-local-4103-c21\">\n                              <!---->\n                              <!---->\n                              <h4 class=\"\">Visite du ch\u00e2teau de Habsbourg<\/h4>\n                            <\/div>\n                          <\/div>\n                          <div data-colibri-id=\"4103-c22\" class=\"h-text h-text-component style-1910 style-local-4103-c22 position-relative h-element\">\n                            <!---->\n                            <!---->\n                            <div class=\"\">\n                              <p><span style=\"font-weight: 300;\">Nous avons organis\u00e9 une visite du ch\u00e2teau de Habsbourg le 24 octobre 2021.<\/span><\/p>\n                            <\/div>\n                          <\/div>\n                          <div data-colibri-id=\"4103-c23\" class=\"h-x-container style-1916 style-local-4103-c23 position-relative h-element\">\n                            <!---->\n                            <div class=\"h-x-container-inner style-dynamic-4103-c23-group style-1916-spacing style-local-4103-c23-spacing\"><span class=\"h-button__outer style-1917-outer style-local-4103-c24-outer d-inline-flex h-element\"><a h-use-smooth-scroll=\"true\" href=\"https:\/\/www.ubu-zh.ch\/fr\/photos\/gallerie-2021\/habsburg\/\"  data-colibri-id=\"4103-c24\" class=\"d-flex w-100 align-items-center h-button justify-content-lg-center justify-content-md-center justify-content-center style-1917 style-local-4103-c24 position-relative\"><!----><!----> <span>Vers la revue et les photos<\/span><\/a>\n                              <\/span>\n                            <\/div>\n                          <\/div>\n                        <\/div>\n                      <\/div>\n                    <\/div>\n                    <div class=\"h-column h-column-container d-flex h-col-lg-auto h-col-md-auto h-col-auto style-1911-outer style-local-4103-c25-outer\">\n                      <div data-colibri-id=\"4103-c25\" class=\"d-flex h-flex-basis h-column__inner h-ui-empty-state-container h-px-lg-0 h-px-md-0 h-px-0 v-inner-lg-0 v-inner-md-0 v-inner-0 style-1911 style-local-4103-c25 position-relative\">\n                        <!---->\n                        <!---->\n                        <div class=\"w-100 h-y-container h-column__content h-column__v-align flex-basis-100\">\n                          <!---->\n                        <\/div>\n                      <\/div>\n                    <\/div>\n                  <\/div>\n                <\/div>\n              <\/div>\n            <\/div>\n          <\/div>\n        <\/div>\n      <\/div>\n      <div data-colibri-id=\"4103-c26\" class=\"h-row-container gutters-row-lg-2 gutters-row-md-2 gutters-row-0 gutters-row-v-lg-2 gutters-row-v-md-2 gutters-row-v-2 style-1922 style-local-4103-c26 position-relative\">\n        <!---->\n        <div class=\"h-row justify-content-lg-center justify-content-md-center justify-content-center align-items-lg-stretch align-items-md-stretch align-items-stretch gutters-col-lg-2 gutters-col-md-2 gutters-col-0 gutters-col-v-lg-2 gutters-col-v-md-2 gutters-col-v-2\">\n          <!---->\n          <div class=\"h-column h-column-container d-flex h-col-lg-auto h-col-md-auto h-col-auto style-1923-outer style-local-4103-c27-outer\">\n            <div data-colibri-id=\"4103-c27\" class=\"d-flex h-flex-basis h-column__inner h-px-lg-2 h-px-md-2 h-px-2 v-inner-lg-2 v-inner-md-2 v-inner-2 style-1923 style-local-4103-c27 position-relative\">\n              <!---->\n              <!---->\n              <div class=\"w-100 h-y-container h-column__content h-column__v-align flex-basis-100 align-self-lg-start align-self-md-start align-self-start\">\n                <!---->\n                <div data-colibri-id=\"4103-c28\" class=\"h-divider style-1921 style-local-4103-c28 position-relative h-element\">\n                  <!----><span class=\"h-divider__line style-1921-line style-local-4103-c28-line style-1921-line style-local-4103-c28-line\"><\/span> <span class=\"h-svg-icon h-divider__icon style-1921-icon style-local-4103-c28-icon\"><!--Icon by Ionicons (https:\/\/ionicons.com)--><svg version=\"1.1\" xmlns=\"http:\/\/www.w3.org\/2000\/svg\" xmlns:xlink=\"http:\/\/www.w3.org\/1999\/xlink\" id=\"ios-albums\" viewbox=\"0 0 448 512\"><path d=\"M448 128v320H0V128h448zM40 112V96h368v16H40zm32-32V64h304v16H72z\"><\/path><\/svg><\/span>                  <span class=\"h-divider__line style-1921-line style-local-4103-c28-line style-1921-line style-local-4103-c28-line\"><\/span><\/div>\n              <\/div>\n            <\/div>\n          <\/div>\n        <\/div>\n      <\/div>\n    <\/div>\n  <\/div>\n<\/div>","protected":false},"excerpt":{"rendered":"<p>Gallerie 2021 Ab der zweiten Jahresh\u00e4lfte 2021 konnten wir endlich wieder Anl\u00e4sse f\u00fcr unsere Mitglieder, Freunde und Bekannte durchf\u00fchren. Diese Seite wird laufend aktualisiert.&nbsp; Fussball EM 2020 in Rapperswil Auf den ersten Blick schien es der perfekte Abend f\u00fcr ein Public Viewing zu werden &#8211; zuerst der Match der Schweiz, danach das Spiel von Belgien.&nbsp; [&hellip;]<\/p>\n","protected":false},"author":1,"featured_media":3081,"parent":2757,"menu_order":0,"comment_status":"closed","ping_status":"closed","template":"page-templates\/full-width-page.php","meta":{"footnotes":""},"class_list":["post-4103","page","type-page","status-publish","has-post-thumbnail","hentry"],"_links":{"self":[{"href":"https:\/\/www.ubu-zh.ch\/fr\/wp-json\/wp\/v2\/pages\/4103","targetHints":{"allow":["GET"]}}],"collection":[{"href":"https:\/\/www.ubu-zh.ch\/fr\/wp-json\/wp\/v2\/pages"}],"about":[{"href":"https:\/\/www.ubu-zh.ch\/fr\/wp-json\/wp\/v2\/types\/page"}],"author":[{"embeddable":true,"href":"https:\/\/www.ubu-zh.ch\/fr\/wp-json\/wp\/v2\/users\/1"}],"replies":[{"embeddable":true,"href":"https:\/\/www.ubu-zh.ch\/fr\/wp-json\/wp\/v2\/comments?post=4103"}],"version-history":[{"count":7,"href":"https:\/\/www.ubu-zh.ch\/fr\/wp-json\/wp\/v2\/pages\/4103\/revisions"}],"predecessor-version":[{"id":4789,"href":"https:\/\/www.ubu-zh.ch\/fr\/wp-json\/wp\/v2\/pages\/4103\/revisions\/4789"}],"up":[{"embeddable":true,"href":"https:\/\/www.ubu-zh.ch\/fr\/wp-json\/wp\/v2\/pages\/2757"}],"wp:featuredmedia":[{"embeddable":true,"href":"https:\/\/www.ubu-zh.ch\/fr\/wp-json\/wp\/v2\/media\/3081"}],"wp:attachment":[{"href":"https:\/\/www.ubu-zh.ch\/fr\/wp-json\/wp\/v2\/media?parent=4103"}],"curies":[{"name":"wp","href":"https:\/\/api.w.org\/{rel}","templated":true}]}}