{"id":5491,"date":"2024-11-09T10:49:45","date_gmt":"2024-11-09T09:49:45","guid":{"rendered":"https:\/\/www.ubu-zh.ch\/?page_id=5491"},"modified":"2024-11-27T22:24:42","modified_gmt":"2024-11-27T21:24:42","slug":"morgarten","status":"publish","type":"page","link":"https:\/\/www.ubu-zh.ch\/fr\/photos\/2024-photos\/morgarten\/","title":{"rendered":"Morgarten"},"content":{"rendered":"<div data-colibri-id=\"5491-c1\" class=\"style-2669 style-local-5491-c1 position-relative\">\n  <!---->\n  <div data-colibri-component=\"section\" data-colibri-id=\"5491-c2\" id=\"photo-gallery\" class=\"h-section h-section-global-spacing d-flex align-items-lg-center align-items-md-center align-items-center style-2670 style-local-5491-c2 position-relative\">\n    <!---->\n    <!---->\n    <div class=\"h-section-grid-container h-section-boxed-container\">\n      <div data-colibri-id=\"5491-c6\" class=\"h-row-container gutters-row-lg-2 gutters-row-md-2 gutters-row-2 gutters-row-v-lg-2 gutters-row-v-md-2 gutters-row-v-2 style-2674 style-local-5491-c6 position-relative\">\n        <!---->\n        <div class=\"h-row justify-content-lg-center justify-content-md-center justify-content-center align-items-lg-stretch align-items-md-stretch align-items-stretch gutters-col-lg-2 gutters-col-md-2 gutters-col-2 gutters-col-v-lg-2 gutters-col-v-md-2 gutters-col-v-2\">\n          <!---->\n          <div class=\"h-column h-column-container d-flex h-col-lg-auto h-col-md-auto h-col-auto style-2675-outer style-local-5491-c7-outer\">\n            <div data-colibri-id=\"5491-c7\" class=\"d-flex h-flex-basis h-column__inner h-px-lg-2 h-px-md-2 h-px-2 v-inner-lg-2 v-inner-md-2 v-inner-2 style-2675 style-local-5491-c7 position-relative\">\n              <!---->\n              <!---->\n              <div class=\"w-100 h-y-container h-column__content h-column__v-align flex-basis-100 align-self-lg-start align-self-md-start align-self-start\">\n                <!---->\n                <div data-colibri-id=\"5491-c16\" class=\"h-global-transition-all h-heading style-2684 style-local-5491-c16 position-relative h-element\">\n                  <!---->\n                  <div class=\"h-heading__outer style-2684 style-local-5491-c16\">\n                    <!---->\n                    <!---->\n                    <h1 class=\"\">Morgarten<\/h1>\n                  <\/div>\n                <\/div>\n                <div data-colibri-id=\"5491-c8\" class=\"h-global-transition-all h-heading style-2676 style-local-5491-c8 position-relative h-element\">\n                  <!---->\n                  <div class=\"h-heading__outer style-2676 style-local-5491-c8\">\n                    <!---->\n                    <!---->\n                    <h2 class=\"\">L\u00e9gende ou histoire vraie ?<\/h2>\n                  <\/div>\n                <\/div>\n                <div data-colibri-id=\"5491-c9\" class=\"h-text h-text-component style-2677 style-local-5491-c9 position-relative h-element\">\n                  <!---->\n                  <!---->\n                  <div class=\"\">\n                    <p>Le 20.10.24, nous \u00e9tions avec 15 Belges au l\u00e9gendaire Morgarten pour visiter le champ de bataille (la version miniature de la bataille des Eperons d'Or pr\u00e8s de Courtrai en 1302).\n                      <br>Ici, en Suisse, les chevaliers habsbourgeois se sont oppos\u00e9s \u00e0 des Conf\u00e9d\u00e9r\u00e9s (SZ, UR, NW) et les \u00abSuisses\u00bb ont mis les Habsbourg en d\u00e9route.\n                      <br>Melchior Inglin, ancien professeur d'histoire, aujourd'hui l'un des huit guides du centre d'information de Morgarten, nous a emmen\u00e9s dans un voyage tr\u00e8s int\u00e9ressant et divertissant dans le pass\u00e9 autour et sur le champ de bataille.\n                      <br>Comme toujours, nous avons termin\u00e9 par un verre dans un\n                      <br>restaurant situ\u00e9 \u00e0 proximit\u00e9 imm\u00e9diate. Un grand merci \u00e0 Pascal et Anna-Liza pour l'organisation.<\/p>\n                  <\/div>\n                <\/div>\n                <div data-colibri-id=\"5491-c10\" class=\"h-x-container style-2678 style-local-5491-c10 position-relative h-element\">\n                  <!---->\n                  <div class=\"h-x-container-inner style-dynamic-5491-c10-group style-2678-spacing style-local-5491-c10-spacing\"><span class=\"h-button__outer style-2679-outer style-local-5491-c11-outer d-inline-flex h-element\"><a h-use-smooth-scroll=\"true\" href=\"https:\/\/morgarten.ch\/erleben\/informationszentrum\/\" target=\"_blank\"  data-colibri-id=\"5491-c11\" class=\"d-flex w-100 align-items-center h-button justify-content-lg-center justify-content-md-center justify-content-center style-2679 style-local-5491-c11 position-relative\"><!----><!----> <span>plus d'informations sur la visite de Morgarten<\/span><\/a>\n                    <\/span>\n                  <\/div>\n                <\/div>\n                <div data-colibri-id=\"5491-c12\" class=\"h-text h-text-component style-2680 style-local-5491-c12 position-relative h-element\">\n                  <!---->\n                  <!---->\n                  <div class=\"\">\n                    <p>V<span style=\"font-weight: 300; font-size: 20px; font-family: &quot;Open Sans&quot;; color: rgb(56, 97, 107);\">oici quelques impressions de notre \u00abbataille\u00bb.<\/span><\/p>\n                  <\/div>\n                <\/div>\n              <\/div>\n            <\/div>\n          <\/div>\n        <\/div>\n      <\/div>\n      <div data-colibri-id=\"5491-c3\" class=\"h-row-container gutters-row-lg-2 gutters-row-md-2 gutters-row-2 gutters-row-v-lg-2 gutters-row-v-md-2 gutters-row-v-2 style-2671 style-local-5491-c3 position-relative\">\n        <!---->\n        <div class=\"h-row justify-content-lg-center justify-content-md-center justify-content-center align-items-lg-stretch align-items-md-stretch align-items-stretch gutters-col-lg-2 gutters-col-md-2 gutters-col-2 gutters-col-v-lg-2 gutters-col-v-md-2 gutters-col-v-2\">\n          <!---->\n          <div class=\"h-column h-column-container d-flex h-col-lg-auto h-col-md-auto h-col-auto style-2672-outer style-local-5491-c4-outer\">\n            <div data-colibri-id=\"5491-c4\" class=\"d-flex h-flex-basis h-column__inner h-px-lg-2 h-px-md-2 h-px-2 v-inner-lg-2 v-inner-md-2 v-inner-2 style-2672 style-local-5491-c4 position-relative\">\n              <!---->\n              <!---->\n              <div class=\"w-100 h-y-container h-column__content h-column__v-align flex-basis-100 align-self-lg-start align-self-md-start align-self-start\">\n                <!---->\n                <div data-colibri-component=\"masonry\" data-colibri-id=\"5491-c5\" class=\"h-photo-gallery margin-none caption-none style-2673 style-local-5491-c5 position-relative h-element\">\n                  <!---->\n                  <div class=\"h-global-transition-all caption-wrapper-full\"><div id='colibri-5491-c5' class='gallery-wrapper'>    <style type=\"text\/css\">\n\n        @media (min-width: 1023px) {        #colibri-5491-c5        dl {\n            float: left;\n            width: 33.333333333333% !important;\n            max-width: 33.333333333333% !important;\n            min-width: 33.333333333333% !important;\n        }\n\n        #colibri-5491-c5        dl:nth-of-type(3n +1 ) {\n            clear: both;\n        }\n\n        }@media (min-width: 768px) and (max-width: 1023px) {        #colibri-5491-c5        dl {\n            float: left;\n            width: 33.333333333333% !important;\n            max-width: 33.333333333333% !important;\n            min-width: 33.333333333333% !important;\n        }\n\n        #colibri-5491-c5        dl:nth-of-type(3n +1 ) {\n            clear: both;\n        }\n\n        }@media (max-width: 767px) {        #colibri-5491-c5        dl {\n            float: left;\n            width: 50% !important;\n            max-width: 50% !important;\n            min-width: 50% !important;\n        }\n\n        #colibri-5491-c5        dl:nth-of-type(2n +1 ) {\n            clear: both;\n        }\n\n        }\n        #colibri-5491-c5        .gallery-item {\n            position: relative;\n        }\n\n        \n    <\/style>\n    <div   class='colibri-5491-c5-dls-wrapper gallery-items-wrapper' ><dl class='gallery-item masonry-item'>\n\t\t\t<dt class='gallery-icon portrait'>\n\t\t\t\t<a data-fancybox=\"colibri-5491-c5-group\" href='https:\/\/www.ubu-zh.ch\/wp-content\/uploads\/2024\/11\/1bb4a7c3-aca1-4dc4-84ff-8b5590fac5d5.jpeg'><img loading=\"lazy\" decoding=\"async\"  width=\"225\" height=\"300\" src=\"https:\/\/www.ubu-zh.ch\/wp-content\/uploads\/2024\/11\/1bb4a7c3-aca1-4dc4-84ff-8b5590fac5d5-225x300.jpeg\"  class='colibri-5491-c5-image' alt=\"\" srcset=\"\" sizes=\"auto, (max-width: 225px) 100vw, 225px\" data-srcset=\"\" \/><\/a>\n\t\t\t<\/dt><\/dl><dl class='gallery-item masonry-item'>\n\t\t\t<dt class='gallery-icon portrait'>\n\t\t\t\t<a data-fancybox=\"colibri-5491-c5-group\" href='https:\/\/www.ubu-zh.ch\/wp-content\/uploads\/2024\/11\/1cb05c5a-4e75-47ed-836c-56b87691c8af.jpeg'><img loading=\"lazy\" decoding=\"async\"  width=\"225\" height=\"300\" src=\"https:\/\/www.ubu-zh.ch\/wp-content\/uploads\/2024\/11\/1cb05c5a-4e75-47ed-836c-56b87691c8af-225x300.jpeg\"  class='colibri-5491-c5-image' alt=\"\" srcset=\"\" sizes=\"auto, (max-width: 225px) 100vw, 225px\" data-srcset=\"\" \/><\/a>\n\t\t\t<\/dt><\/dl><dl class='gallery-item masonry-item'>\n\t\t\t<dt class='gallery-icon landscape'>\n\t\t\t\t<a data-fancybox=\"colibri-5491-c5-group\" href='https:\/\/www.ubu-zh.ch\/wp-content\/uploads\/2024\/11\/4bd2c43e-d9cc-4001-826e-17cb92bfd0ef.jpeg'><img loading=\"lazy\" decoding=\"async\"  width=\"300\" height=\"225\" src=\"https:\/\/www.ubu-zh.ch\/wp-content\/uploads\/2024\/11\/4bd2c43e-d9cc-4001-826e-17cb92bfd0ef-300x225.jpeg\"  class='colibri-5491-c5-image' alt=\"\" srcset=\"\" sizes=\"auto, (max-width: 300px) 100vw, 300px\" data-srcset=\"\" \/><\/a>\n\t\t\t<\/dt><\/dl><dl class='gallery-item masonry-item'>\n\t\t\t<dt class='gallery-icon landscape'>\n\t\t\t\t<a data-fancybox=\"colibri-5491-c5-group\" href='https:\/\/www.ubu-zh.ch\/wp-content\/uploads\/2024\/11\/5b7631c1-22df-49c8-b21b-9a379a7c365d.jpeg'><img loading=\"lazy\" decoding=\"async\"  width=\"300\" height=\"225\" src=\"https:\/\/www.ubu-zh.ch\/wp-content\/uploads\/2024\/11\/5b7631c1-22df-49c8-b21b-9a379a7c365d-300x225.jpeg\"  class='colibri-5491-c5-image' alt=\"\" srcset=\"\" sizes=\"auto, (max-width: 300px) 100vw, 300px\" data-srcset=\"\" \/><\/a>\n\t\t\t<\/dt><\/dl><dl class='gallery-item masonry-item'>\n\t\t\t<dt class='gallery-icon portrait'>\n\t\t\t\t<a data-fancybox=\"colibri-5491-c5-group\" href='https:\/\/www.ubu-zh.ch\/wp-content\/uploads\/2024\/11\/8b8bbfba-0b35-4803-8e12-024449284890.jpeg'><img loading=\"lazy\" decoding=\"async\"  width=\"225\" height=\"300\" src=\"https:\/\/www.ubu-zh.ch\/wp-content\/uploads\/2024\/11\/8b8bbfba-0b35-4803-8e12-024449284890-225x300.jpeg\"  class='colibri-5491-c5-image' alt=\"\" srcset=\"\" sizes=\"auto, (max-width: 225px) 100vw, 225px\" data-srcset=\"\" \/><\/a>\n\t\t\t<\/dt><\/dl><dl class='gallery-item masonry-item'>\n\t\t\t<dt class='gallery-icon landscape'>\n\t\t\t\t<a data-fancybox=\"colibri-5491-c5-group\" href='https:\/\/www.ubu-zh.ch\/wp-content\/uploads\/2024\/11\/0531a5b9-7d0a-49e4-95e3-b2b3e41c3db4.jpeg'><img loading=\"lazy\" decoding=\"async\"  width=\"300\" height=\"225\" src=\"https:\/\/www.ubu-zh.ch\/wp-content\/uploads\/2024\/11\/0531a5b9-7d0a-49e4-95e3-b2b3e41c3db4-300x225.jpeg\"  class='colibri-5491-c5-image' alt=\"\" srcset=\"\" sizes=\"auto, (max-width: 300px) 100vw, 300px\" data-srcset=\"\" \/><\/a>\n\t\t\t<\/dt><\/dl><dl class='gallery-item masonry-item'>\n\t\t\t<dt class='gallery-icon landscape'>\n\t\t\t\t<a data-fancybox=\"colibri-5491-c5-group\" href='https:\/\/www.ubu-zh.ch\/wp-content\/uploads\/2024\/11\/310359a1-a2fe-4d3b-8aed-4969e2438fdc.jpeg'><img loading=\"lazy\" decoding=\"async\"  width=\"300\" height=\"225\" src=\"https:\/\/www.ubu-zh.ch\/wp-content\/uploads\/2024\/11\/310359a1-a2fe-4d3b-8aed-4969e2438fdc-300x225.jpeg\"  class='colibri-5491-c5-image' alt=\"\" srcset=\"\" sizes=\"auto, (max-width: 300px) 100vw, 300px\" data-srcset=\"\" \/><\/a>\n\t\t\t<\/dt><\/dl><dl class='gallery-item masonry-item'>\n\t\t\t<dt class='gallery-icon portrait'>\n\t\t\t\t<a data-fancybox=\"colibri-5491-c5-group\" href='https:\/\/www.ubu-zh.ch\/wp-content\/uploads\/2024\/11\/490668e5-cb6c-45bd-b36a-8c5c83483f34.jpeg'><img loading=\"lazy\" decoding=\"async\"  width=\"225\" height=\"300\" src=\"https:\/\/www.ubu-zh.ch\/wp-content\/uploads\/2024\/11\/490668e5-cb6c-45bd-b36a-8c5c83483f34-225x300.jpeg\"  class='colibri-5491-c5-image' alt=\"\" srcset=\"\" sizes=\"auto, (max-width: 225px) 100vw, 225px\" data-srcset=\"\" \/><\/a>\n\t\t\t<\/dt><\/dl><dl class='gallery-item masonry-item'>\n\t\t\t<dt class='gallery-icon landscape'>\n\t\t\t\t<a data-fancybox=\"colibri-5491-c5-group\" href='https:\/\/www.ubu-zh.ch\/wp-content\/uploads\/2024\/11\/00710751-0db0-4c84-8214-b5b71692f00e.jpeg'><img loading=\"lazy\" decoding=\"async\"  width=\"300\" height=\"225\" src=\"https:\/\/www.ubu-zh.ch\/wp-content\/uploads\/2024\/11\/00710751-0db0-4c84-8214-b5b71692f00e-300x225.jpeg\"  class='colibri-5491-c5-image' alt=\"\" srcset=\"\" sizes=\"auto, (max-width: 300px) 100vw, 300px\" data-srcset=\"\" \/><\/a>\n\t\t\t<\/dt><\/dl><dl class='gallery-item masonry-item'>\n\t\t\t<dt class='gallery-icon landscape'>\n\t\t\t\t<a data-fancybox=\"colibri-5491-c5-group\" href='https:\/\/www.ubu-zh.ch\/wp-content\/uploads\/2024\/11\/02432503-ad5c-4e0c-9c20-dc22ca8ae216.jpeg'><img loading=\"lazy\" decoding=\"async\"  width=\"300\" height=\"225\" src=\"https:\/\/www.ubu-zh.ch\/wp-content\/uploads\/2024\/11\/02432503-ad5c-4e0c-9c20-dc22ca8ae216-300x225.jpeg\"  class='colibri-5491-c5-image' alt=\"\" srcset=\"\" sizes=\"auto, (max-width: 300px) 100vw, 300px\" data-srcset=\"\" \/><\/a>\n\t\t\t<\/dt><\/dl><dl class='gallery-item masonry-item'>\n\t\t\t<dt class='gallery-icon portrait'>\n\t\t\t\t<a data-fancybox=\"colibri-5491-c5-group\" href='https:\/\/www.ubu-zh.ch\/wp-content\/uploads\/2024\/11\/b0b13b95-d27c-4405-9d25-6f95b3b675e3.jpeg'><img loading=\"lazy\" decoding=\"async\"  width=\"225\" height=\"300\" src=\"https:\/\/www.ubu-zh.ch\/wp-content\/uploads\/2024\/11\/b0b13b95-d27c-4405-9d25-6f95b3b675e3-225x300.jpeg\"  class='colibri-5491-c5-image' alt=\"\" srcset=\"\" sizes=\"auto, (max-width: 225px) 100vw, 225px\" data-srcset=\"\" \/><\/a>\n\t\t\t<\/dt><\/dl><dl class='gallery-item masonry-item'>\n\t\t\t<dt class='gallery-icon portrait'>\n\t\t\t\t<a data-fancybox=\"colibri-5491-c5-group\" href='https:\/\/www.ubu-zh.ch\/wp-content\/uploads\/2024\/11\/d03b52ed-02ff-456b-9c8f-272f8f0b7a5c.jpeg'><img loading=\"lazy\" decoding=\"async\"  width=\"225\" height=\"300\" src=\"https:\/\/www.ubu-zh.ch\/wp-content\/uploads\/2024\/11\/d03b52ed-02ff-456b-9c8f-272f8f0b7a5c-225x300.jpeg\"  class='colibri-5491-c5-image' alt=\"\" srcset=\"\" sizes=\"auto, (max-width: 225px) 100vw, 225px\" data-srcset=\"\" \/><\/a>\n\t\t\t<\/dt><\/dl><dl class='gallery-item masonry-item'>\n\t\t\t<dt class='gallery-icon landscape'>\n\t\t\t\t<a data-fancybox=\"colibri-5491-c5-group\" href='https:\/\/www.ubu-zh.ch\/wp-content\/uploads\/2024\/11\/eac8c958-f99f-4b15-85c7-8158e2a8c5f7.jpeg'><img loading=\"lazy\" decoding=\"async\"  width=\"300\" height=\"225\" src=\"https:\/\/www.ubu-zh.ch\/wp-content\/uploads\/2024\/11\/eac8c958-f99f-4b15-85c7-8158e2a8c5f7-300x225.jpeg\"  class='colibri-5491-c5-image' alt=\"\" srcset=\"\" sizes=\"auto, (max-width: 300px) 100vw, 300px\" data-srcset=\"\" \/><\/a>\n\t\t\t<\/dt><\/dl>\n\t\t\t\n\t\t<\/div>\n<style>#colibri-5491-c5 .wp-caption-text.gallery-caption{display:none;}<\/style><\/div><\/div>\n                <\/div>\n              <\/div>\n            <\/div>\n          <\/div>\n        <\/div>\n      <\/div>\n    <\/div>\n  <\/div>\n<\/div>","protected":false},"excerpt":{"rendered":"<p>Morgarten Legende oder wahre Geschichte? Am 20.10.24 waren wir mit 15 Belgiern am legend\u00e4ren Morgarten, um das Schlachtfeld (die Miniaturversion der Schlacht an den Goldenen Sporen bei Kortrijk 1302) zu besuchen. Hier in der Schweiz standen die Habsburger Ritter einem Fu\u00dfvolk der Eidgenossen (SZ, UR, NW) gegen\u00fcber und die \u201cSchweizer\u201d schlugen die Habsburger in die [&hellip;]<\/p>\n","protected":false},"author":10,"featured_media":0,"parent":4795,"menu_order":0,"comment_status":"closed","ping_status":"closed","template":"page-templates\/full-width-page.php","meta":{"footnotes":""},"class_list":["post-5491","page","type-page","status-publish","hentry"],"_links":{"self":[{"href":"https:\/\/www.ubu-zh.ch\/fr\/wp-json\/wp\/v2\/pages\/5491","targetHints":{"allow":["GET"]}}],"collection":[{"href":"https:\/\/www.ubu-zh.ch\/fr\/wp-json\/wp\/v2\/pages"}],"about":[{"href":"https:\/\/www.ubu-zh.ch\/fr\/wp-json\/wp\/v2\/types\/page"}],"author":[{"embeddable":true,"href":"https:\/\/www.ubu-zh.ch\/fr\/wp-json\/wp\/v2\/users\/10"}],"replies":[{"embeddable":true,"href":"https:\/\/www.ubu-zh.ch\/fr\/wp-json\/wp\/v2\/comments?post=5491"}],"version-history":[{"count":4,"href":"https:\/\/www.ubu-zh.ch\/fr\/wp-json\/wp\/v2\/pages\/5491\/revisions"}],"predecessor-version":[{"id":5573,"href":"https:\/\/www.ubu-zh.ch\/fr\/wp-json\/wp\/v2\/pages\/5491\/revisions\/5573"}],"up":[{"embeddable":true,"href":"https:\/\/www.ubu-zh.ch\/fr\/wp-json\/wp\/v2\/pages\/4795"}],"wp:attachment":[{"href":"https:\/\/www.ubu-zh.ch\/fr\/wp-json\/wp\/v2\/media?parent=5491"}],"curies":[{"name":"wp","href":"https:\/\/api.w.org\/{rel}","templated":true}]}}