{"id":583,"date":"2019-11-27T23:23:57","date_gmt":"2019-11-27T22:23:57","guid":{"rendered":"http:\/\/www.ubu-zh.ch\/?page_id=583"},"modified":"2021-08-13T09:30:13","modified_gmt":"2021-08-13T07:30:13","slug":"assemblee-generale-2020","status":"publish","type":"page","link":"https:\/\/www.ubu-zh.ch\/fr\/photos\/activites-2\/assemblee-generale-2020\/","title":{"rendered":"Assembl\u00e9e g\u00e9n\u00e9rale 2020"},"content":{"rendered":"<div data-colibri-id=\"583-c1\" class=\"style-661 style-local-583-c1 position-relative\">\n  <!---->\n  <div data-colibri-component=\"section\" data-colibri-id=\"583-c2\" id=\"custom\" class=\"h-section h-section-global-spacing d-flex align-items-lg-center align-items-md-center align-items-center style-890 style-local-583-c2 position-relative\">\n    <!---->\n    <!---->\n    <div class=\"h-section-grid-container h-section-boxed-container\">\n      <!---->\n      <div data-colibri-id=\"583-c3\" class=\"h-row-container gutters-row-lg-2 gutters-row-md-2 gutters-row-0 gutters-row-v-lg-2 gutters-row-v-md-2 gutters-row-v-2 style-891 style-local-583-c3 position-relative\">\n        <!---->\n        <div class=\"h-row justify-content-lg-center justify-content-md-center justify-content-center align-items-lg-stretch align-items-md-stretch align-items-stretch gutters-col-lg-2 gutters-col-md-2 gutters-col-0 gutters-col-v-lg-2 gutters-col-v-md-2 gutters-col-v-2\">\n          <!---->\n          <div class=\"h-column h-column-container d-flex h-col-lg-auto h-col-md-auto h-col-auto style-892-outer style-local-583-c4-outer\">\n            <div data-colibri-id=\"583-c4\" class=\"d-flex h-flex-basis h-column__inner h-px-lg-2 h-px-md-2 h-px-2 v-inner-lg-2 v-inner-md-2 v-inner-2 style-892 style-local-583-c4 position-relative\">\n              <!---->\n              <!---->\n              <div class=\"w-100 h-y-container h-column__content h-column__v-align flex-basis-100 align-self-lg-start align-self-md-start align-self-start\">\n                <!---->\n                <div data-colibri-id=\"583-c5\" class=\"h-global-transition-all h-heading style-893 style-local-583-c5 position-relative h-element\">\n                  <!---->\n                  <div class=\"h-heading__outer style-893 style-local-583-c5\">\n                    <!---->\n                    <!---->\n                    <h1 class=\"\"><span style=\"color: rgb(255, 255, 255);\">Assembl\u00e9e g\u00e9n\u00e9rale<\/span><\/h1>\n                  <\/div>\n                <\/div>\n              <\/div>\n            <\/div>\n          <\/div>\n        <\/div>\n      <\/div>\n    <\/div>\n  <\/div>\n  <div data-colibri-component=\"section\" data-colibri-id=\"583-c6\" id=\"content\" class=\"h-section h-section-global-spacing d-flex align-items-lg-center align-items-md-center align-items-center style-717 style-local-583-c6 position-relative\">\n    <div class=\"background-wrapper\">\n      <div class=\"background-layer background-layer-media-container-lg\">\n        <!---->\n        <div class=\"overlay-layer\">\n          <div class=\"overlay-image-layer\" style=\"background-image: linear-gradient(90deg, rgb(39, 96, 120) 40%, rgb(255, 255, 255) 0%);\"><\/div>\n        <\/div>\n      <\/div>\n      <div class=\"background-layer background-layer-media-container-md\">\n        <!---->\n        <div class=\"overlay-layer\">\n          <div class=\"overlay-image-layer\" style=\"background-image: linear-gradient(90deg, rgb(39, 96, 120) 40%, rgb(255, 255, 255) 0%);\"><\/div>\n        <\/div>\n      <\/div>\n      <div class=\"background-layer background-layer-media-container\">\n        <!---->\n        <div class=\"overlay-layer\">\n          <div class=\"overlay-image-layer\" style=\"background-image: linear-gradient(90deg, rgb(39, 96, 120) 40%, rgb(255, 255, 255) 0%);\"><\/div>\n        <\/div>\n      <\/div>\n    <\/div>\n    <!---->\n    <div class=\"h-section-grid-container h-section-boxed-container\">\n      <!---->\n      <div data-colibri-id=\"583-c7\" class=\"h-row-container gutters-row-lg-2 gutters-row-md-2 gutters-row-2 gutters-row-v-lg-2 gutters-row-v-md-2 gutters-row-v-2 style-718 style-local-583-c7 position-relative\">\n        <!---->\n        <div class=\"h-row justify-content-lg-center justify-content-md-center justify-content-center align-items-lg-stretch align-items-md-stretch align-items-stretch gutters-col-lg-2 gutters-col-md-2 gutters-col-2 gutters-col-v-lg-2 gutters-col-v-md-2 gutters-col-v-2\">\n          <!---->\n          <div class=\"h-column h-column-container d-flex h-col-lg-auto h-col-md-auto h-col-auto style-719-outer style-local-583-c8-outer\">\n            <div data-colibri-id=\"583-c8\" class=\"d-flex h-flex-basis h-column__inner h-ui-empty-state-container h-px-lg-0 h-px-md-0 h-px-0 v-inner-lg-0 v-inner-md-0 v-inner-0 style-719 style-local-583-c8 position-relative\">\n              <!---->\n              <!---->\n              <div class=\"w-100 h-y-container h-column__content h-column__v-align flex-basis-100\">\n                <!---->\n              <\/div>\n            <\/div>\n          <\/div>\n          <div class=\"h-column h-column-container d-flex h-col-lg-auto h-col-md-auto h-col-auto style-720-outer style-local-583-c9-outer\">\n            <div data-colibri-id=\"583-c9\" class=\"d-flex h-flex-basis h-column__inner h-px-lg-0 h-px-md-0 h-px-0 v-inner-lg-0 v-inner-md-0 v-inner-0 style-720 style-local-583-c9 position-relative\">\n              <!---->\n              <!---->\n              <div class=\"w-100 h-y-container h-column__content h-column__v-align flex-basis-100 align-self-lg-center align-self-md-center align-self-center\">\n                <!---->\n                <div data-colibri-component=\"content-swap\" data-colibri-id=\"583-c10\" class=\"content-swap style-721 style-local-583-c10 h-overflow-hidden position-relative h-element\">\n                  <!---->\n                  <div class=\"d-flex position-relative border-radius-inherit h-content-swap__overflow\">\n                    <div data-normal=\"\" data-colibri-id=\"583-c11\" class=\"h-content-swap__normal d-flex border-radius-inherit hide-animation style-722 style-local-583-c11 position-relative\">\n                      <!---->\n                      <div class=\"w-100 h-y-container align-self-lg-center align-self-md-center align-self-center\">\n                        <!---->\n                        <div data-colibri-id=\"583-c12\" class=\"h-icon style-723 style-local-583-c12 position-relative h-element\">\n                          <!----><span class=\"h-svg-icon h-icon__icon style-723-icon style-local-583-c12-icon\"><!--Icon by Font Awesome (https:\/\/fontawesome.com)--><svg version=\"1.1\" xmlns=\"http:\/\/www.w3.org\/2000\/svg\" xmlns:xlink=\"http:\/\/www.w3.org\/1999\/xlink\" id=\"bookmark\" viewbox=\"0 0 1397.9638 1896.0833\"><path d=\"M1164 128q23 0 44 9 33 13 52.5 41t19.5 62v1289q0 34-19.5 62t-52.5 41q-19 8-44 8-48 0-83-32l-441-424-441 424q-36 33-83 33-23 0-44-9-33-13-52.5-41T0 1529V240q0-34 19.5-62T72 137q21-9 44-9h1048z\"><\/path><\/svg><\/span><\/div>\n                        <div\n                          data-colibri-id=\"583-c13\" class=\"h-global-transition-all h-heading style-724 style-local-583-c13 position-relative h-element\">\n                          <!---->\n                          <div class=\"h-heading__outer style-724 style-local-583-c13\">\n                            <!---->\n                            <!---->\n                            <h5 class=\"\"><span style=\"color: rgb(104, 98, 98);\"><span class=\"ql-cursor\"><\/span><\/span><span style=\"color: rgb(120, 122, 126);\">1er f\u00e9vrier, 18h - 22h<br>Restaurant Belvoirpark,<br>Seestrasse 125, 8002 Z\u00fcrich<\/span><\/h5>\n                          <\/div>\n                      <\/div>\n                      <div data-colibri-id=\"583-c14\" class=\"h-divider style-725 style-local-583-c14 position-relative h-element\">\n                        <!----><span class=\"h-divider__line style-725-line style-local-583-c14-line style-725-line style-local-583-c14-line\"><\/span><\/div>\n                      <div data-colibri-id=\"583-c15\" class=\"h-text h-text-component style-726 style-local-583-c15 position-relative h-element\">\n                        <!---->\n                        <!---->\n                        <div class=\"\">\n                          <p>Le 1er f\u00e9vrier 2020, notre assembl\u00e9e g\u00e9n\u00e9rale a eu lieu au restaurant Belvoir \u00e0 Zurich.<\/p>\n                          <p>Environ 30 membres \u00e9taient pr\u00e9sents et la jeune g\u00e9n\u00e9ration \u00e9tait \u00e9galement repr\u00e9sent\u00e9e en grand nombre.&nbsp;<\/p>\n                          <p>Greta Meukens, membre engag\u00e9e du comit\u00e9 depuis 2013, se retire pour cette nouvelle ann\u00e9e. Toutefois, elle restera membre de l'association et nous nous r\u00e9jouissons de la revoir lors de nombreuses activit\u00e9s.<\/p>\n                          <p><span style=\"color: rgb(111, 111, 111);\">Katrien Marcelis transmet sa fonction de vice-pr\u00e9sidente \u00e0 Elisabeth Haers-Widmer. La pr\u00e9sidente Anne Stockman et Elisabeth Haers-Widmer travailleront en \u00e9troite collaboration afin de pr\u00e9parer le passage du flambeau l'ann\u00e9e prochaine. Hans Verbeke s'est mis \u00e0 disposition en tant que tr\u00e9sorier pour une autre ann\u00e9e. Pascal Decoussemaeker et Maja Pavlek font \u00e0 nouveau partie du comit\u00e9.&nbsp;<\/span>\n                            <span\n                              style=\"color: rgb(111, 111, 111); font-size: 12pt; font-family: &quot;Open Sans&quot;;\">Le comit\u00e9 pour 2020 est donc compos\u00e9 de six membres.<\/span>\n                          <\/p>\n                        <\/div>\n                      <\/div>\n                      <div data-colibri-id=\"583-c16\" class=\"h-x-container style-774 style-local-583-c16 position-relative h-element\">\n                        <!---->\n                        <div class=\"h-x-container-inner style-dynamic-583-c16-group style-774-spacing style-local-583-c16-spacing\"><span class=\"h-button__outer style-775-outer style-local-583-c17-outer d-inline-flex h-element\"><a h-use-smooth-scroll=\"true\" href=\"http:\/\/www.ubu-zh.ch\/wp-content\/uploads\/2020\/02\/Proces-Verbaal-AV-2020.pdf\" target=\"_blank\" data-colibri-id=\"583-c17\" class=\"d-flex w-100 align-items-center h-button justify-content-lg-center justify-content-md-center justify-content-center style-775 style-local-583-c17 position-relative\" rel=\"noopener\"><!----><span  class=\"h-svg-icon h-button__icon style-775-icon style-local-583-c17-icon\"><!--Icon by Font Awesome (https:\/\/fontawesome.com)--><svg version=\"1.1\" xmlns=\"http:\/\/www.w3.org\/2000\/svg\" xmlns:xlink=\"http:\/\/www.w3.org\/1999\/xlink\" id=\"pencil\" viewbox=\"0 0 1536 1896.0833\"><path d=\"M363 1536l91-91-235-235-91 91v107h128v128h107zm523-928q0-22-22-22-10 0-17 7l-542 542q-7 7-7 17 0 22 22 22 10 0 17-7l542-542q7-7 7-17zm-54-192l416 416-832 832H0v-416zm683 96q0 53-37 90l-166 166-416-416 166-165q36-38 90-38 53 0 91 38l235 234q37 39 37 91z\"><\/path><\/svg><\/span>                          <span>proc\u00e8s verbal (nl)<\/span><\/a>\n                          <\/span><span class=\"h-button__outer style-1269-outer style-local-583-c18-outer d-inline-flex h-element\"><a h-use-smooth-scroll=\"true\" href=\"http:\/\/www.ubu-zh.ch\/wp-content\/uploads\/2020\/02\/Proc\u00e8s-Verbal-AG-2020.pdf\" target=\"_blank\" data-colibri-id=\"583-c18\" class=\"d-flex w-100 align-items-center h-button justify-content-lg-center justify-content-md-center justify-content-center style-1269 style-local-583-c18 position-relative\" rel=\"noopener\"><!----><span  class=\"h-svg-icon h-button__icon style-1269-icon style-local-583-c18-icon\"><!--Icon by Font Awesome (https:\/\/fontawesome.com)--><svg version=\"1.1\" xmlns=\"http:\/\/www.w3.org\/2000\/svg\" xmlns:xlink=\"http:\/\/www.w3.org\/1999\/xlink\" id=\"pencil\" viewbox=\"0 0 1536 1896.0833\"><path d=\"M363 1536l91-91-235-235-91 91v107h128v128h107zm523-928q0-22-22-22-10 0-17 7l-542 542q-7 7-7 17 0 22 22 22 10 0 17-7l542-542q7-7 7-17zm-54-192l416 416-832 832H0v-416zm683 96q0 53-37 90l-166 166-416-416 166-165q36-38 90-38 53 0 91 38l235 234q37 39 37 91z\"><\/path><\/svg><\/span>                          <span>Proc\u00e8s-verbal<\/span><\/a>\n                          <\/span><span class=\"h-button__outer style-1378-outer style-local-583-c27-outer d-inline-flex h-element\"><a h-use-smooth-scroll=\"true\" href=\"http:\/\/www.ubu-zh.ch\/fr\/photos\/photos-de-lassemblee-generale-2020\/\"  data-colibri-id=\"583-c27\" class=\"d-flex w-100 align-items-center h-button justify-content-lg-center justify-content-md-center justify-content-center style-1378 style-local-583-c27 position-relative\"><!----><!----> <span>Fotos vom Anlass<\/span><\/a>\n                          <\/span>\n                        <\/div>\n                      <\/div>\n                    <\/div>\n                  <\/div>\n                  <div data-hover=\"\" data-colibri-component=\"link\" data-href=\"\" data-colibri-id=\"583-c19\" class=\"h-content-swap-hover-container animated h-content-swap__hover d-flex border-radius-inherit slideInRight justify-content-lg-center justify-content-md-center justify-content-center style-727 style-local-583-c19 position-relative\"\n                    style=\"display: none;\">\n                    <!---->\n                    <div class=\"w-100 h-y-container align-self-lg-center align-self-md-center align-self-center\">\n                      <!---->\n                      <div data-colibri-id=\"583-c20\" class=\"h-row-container gutters-row-lg-0 gutters-row-md-0 gutters-row-2 gutters-row-v-lg-0 gutters-row-v-md-0 gutters-row-v-2 style-728 style-local-583-c20 position-relative\">\n                        <!---->\n                        <div class=\"h-row justify-content-lg-center justify-content-md-center justify-content-center align-items-lg-stretch align-items-md-stretch align-items-stretch gutters-col-lg-0 gutters-col-md-0 gutters-col-2 gutters-col-v-lg-0 gutters-col-v-md-0 gutters-col-v-2\">\n                          <!---->\n                          <div class=\"h-column h-column-container d-flex h-col-lg-auto h-col-md-auto h-col-auto style-729-outer style-local-583-c21-outer h-hide-sm\">\n                            <div data-colibri-id=\"583-c21\" class=\"d-flex h-flex-basis h-column__inner h-px-lg-2 h-px-md-2 h-px-2 v-inner-lg-0 v-inner-md-0 v-inner-2 style-729 style-local-583-c21 h-hide-sm position-relative\">\n                              <!---->\n                              <!---->\n                              <div class=\"w-100 h-y-container h-column__content h-column__v-align flex-basis-auto align-self-lg-center align-self-md-center align-self-center\">\n                                <!---->\n                                <div data-colibri-id=\"583-c22\" class=\"h-icon style-730 style-local-583-c22 position-relative h-element\">\n                                  <!---->\n                                  <a href=\"#\" h-use-smooth-scroll=\"true\"><span class=\"h-svg-icon h-icon__icon style-730-icon style-local-583-c22-icon\"><!--Icon by Icons8 Line Awesome (https:\/\/icons8.com\/line-awesome)--><svg version=\"1.1\" xmlns=\"http:\/\/www.w3.org\/2000\/svg\" xmlns:xlink=\"http:\/\/www.w3.org\/1999\/xlink\" id=\"long-arrow-left\" viewbox=\"0 0 512 545.5\"><path d=\"M173 180.5l22.5 23L127 272h321v32H127l68.5 68.5-22.5 23-96-96L65.5 288 77 276.5z\"><\/path><\/svg><\/span><\/a>\n                                <\/div>\n                              <\/div>\n                            <\/div>\n                          <\/div>\n                          <div class=\"h-column h-column-container d-flex h-col-lg h-col-md h-col-auto style-731-outer style-local-583-c23-outer\">\n                            <div data-colibri-id=\"583-c23\" class=\"d-flex h-flex-basis h-column__inner h-ui-empty-state-container h-px-lg-0 h-px-md-0 h-px-0 v-inner-lg-0 v-inner-md-0 v-inner-0 style-731 style-local-583-c23 position-relative\">\n                              <!---->\n                              <!---->\n                              <div class=\"w-100 h-y-container h-column__content h-column__v-align flex-basis-100\">\n                                <!---->\n                              <\/div>\n                            <\/div>\n                          <\/div>\n                        <\/div>\n                      <\/div>\n                    <\/div>\n                  <\/div>\n                <\/div>\n              <\/div>\n            <\/div>\n          <\/div>\n        <\/div>\n      <\/div>\n    <\/div>\n  <\/div>\n<\/div>\n<div data-colibri-component=\"section\" data-colibri-id=\"583-c24\" id=\"custom-2\" class=\"h-section h-section-global-spacing d-flex align-items-lg-center align-items-md-center align-items-center style-894 style-local-583-c24 position-relative\">\n  <!---->\n  <!---->\n  <div class=\"h-section-grid-container h-section-boxed-container\">\n    <!---->\n    <div data-colibri-id=\"583-c25\" class=\"h-row-container gutters-row-lg-2 gutters-row-md-2 gutters-row-0 gutters-row-v-lg-2 gutters-row-v-md-2 gutters-row-v-2 style-895 style-local-583-c25 position-relative\">\n      <!---->\n      <div class=\"h-row justify-content-lg-center justify-content-md-center justify-content-center align-items-lg-stretch align-items-md-stretch align-items-stretch gutters-col-lg-2 gutters-col-md-2 gutters-col-0 gutters-col-v-lg-2 gutters-col-v-md-2 gutters-col-v-2\">\n        <!---->\n        <div class=\"h-column h-column-container d-flex h-col-lg-auto h-col-md-auto h-col-auto style-896-outer style-local-583-c26-outer\">\n          <div data-colibri-id=\"583-c26\" class=\"d-flex h-flex-basis h-column__inner h-ui-empty-state-container h-px-lg-2 h-px-md-2 h-px-2 v-inner-lg-2 v-inner-md-2 v-inner-2 style-896 style-local-583-c26 position-relative\">\n            <!---->\n            <!---->\n            <div class=\"w-100 h-y-container h-column__content h-column__v-align flex-basis-100\">\n              <!---->\n            <\/div>\n          <\/div>\n        <\/div>\n      <\/div>\n    <\/div>\n  <\/div>\n<\/div>\n<\/div>","protected":false},"excerpt":{"rendered":"<p>Mitgliederversammlung \ufeff1. Februar, 18.00 &#8211; 22-00Restaurant Belvoirpark,Seestrasse 125, 8002 Z\u00fcrich Am 1. Februar 2020 fand unsere Mitgliederversammlung im Restaurant Belvoir in Z\u00fcrich statt. Es waren 30 Mitglieder anwesend und auch die junge Generation war zahlreich vertreten.&nbsp; Greta Meukens, engagiertes Vorstandsmitglied seit 2013, tritt auf das neue Jahr zur\u00fcck. Sie bleibt aber nach wie vor Mitglied [&hellip;]<\/p>\n","protected":false},"author":1,"featured_media":419,"parent":107,"menu_order":0,"comment_status":"closed","ping_status":"closed","template":"page-templates\/full-width-page.php","meta":{"footnotes":""},"class_list":["post-583","page","type-page","status-publish","has-post-thumbnail","hentry"],"_links":{"self":[{"href":"https:\/\/www.ubu-zh.ch\/fr\/wp-json\/wp\/v2\/pages\/583","targetHints":{"allow":["GET"]}}],"collection":[{"href":"https:\/\/www.ubu-zh.ch\/fr\/wp-json\/wp\/v2\/pages"}],"about":[{"href":"https:\/\/www.ubu-zh.ch\/fr\/wp-json\/wp\/v2\/types\/page"}],"author":[{"embeddable":true,"href":"https:\/\/www.ubu-zh.ch\/fr\/wp-json\/wp\/v2\/users\/1"}],"replies":[{"embeddable":true,"href":"https:\/\/www.ubu-zh.ch\/fr\/wp-json\/wp\/v2\/comments?post=583"}],"version-history":[{"count":20,"href":"https:\/\/www.ubu-zh.ch\/fr\/wp-json\/wp\/v2\/pages\/583\/revisions"}],"predecessor-version":[{"id":3107,"href":"https:\/\/www.ubu-zh.ch\/fr\/wp-json\/wp\/v2\/pages\/583\/revisions\/3107"}],"up":[{"embeddable":true,"href":"https:\/\/www.ubu-zh.ch\/fr\/wp-json\/wp\/v2\/pages\/107"}],"wp:featuredmedia":[{"embeddable":true,"href":"https:\/\/www.ubu-zh.ch\/fr\/wp-json\/wp\/v2\/media\/419"}],"wp:attachment":[{"href":"https:\/\/www.ubu-zh.ch\/fr\/wp-json\/wp\/v2\/media?parent=583"}],"curies":[{"name":"wp","href":"https:\/\/api.w.org\/{rel}","templated":true}]}}