{"id":589,"date":"2019-11-27T23:51:03","date_gmt":"2019-11-27T22:51:03","guid":{"rendered":"http:\/\/www.ubu-zh.ch\/?page_id=589"},"modified":"2021-08-13T18:21:11","modified_gmt":"2021-08-13T16:21:11","slug":"excursion-de-biere-a-baden","status":"publish","type":"page","link":"https:\/\/www.ubu-zh.ch\/fr\/photos\/activites-2\/excursion-de-biere-a-baden\/","title":{"rendered":"Excursion de bi\u00e8re \u00e0 Baden"},"content":{"rendered":"<div data-colibri-id=\"589-c1\" class=\"style-929 style-local-589-c1 position-relative\">\n  <!---->\n  <div data-colibri-component=\"section\" data-colibri-id=\"589-c2\" id=\"custom\" class=\"h-section h-section-global-spacing d-flex align-items-lg-center align-items-md-center align-items-center style-930 style-local-589-c2 position-relative\">\n    <!---->\n    <!---->\n    <div class=\"h-section-grid-container h-section-boxed-container\">\n      <!---->\n      <div data-colibri-id=\"589-c3\" class=\"h-row-container gutters-row-lg-0 gutters-row-md-0 gutters-row-0 gutters-row-v-lg-0 gutters-row-v-md-0 gutters-row-v-0 style-931 style-local-589-c3 position-relative\">\n        <!---->\n        <div class=\"h-row justify-content-lg-center justify-content-md-center justify-content-center align-items-lg-stretch align-items-md-stretch align-items-stretch gutters-col-lg-0 gutters-col-md-0 gutters-col-0 gutters-col-v-lg-0 gutters-col-v-md-0 gutters-col-v-0\">\n          <!---->\n          <div class=\"h-column h-column-container d-flex h-col-lg-auto h-col-md-auto h-col-auto style-932-outer style-local-589-c4-outer\">\n            <div data-colibri-id=\"589-c4\" class=\"d-flex h-flex-basis h-column__inner h-px-lg-0 h-px-md-0 h-px-0 v-inner-lg-0 v-inner-md-0 v-inner-0 style-932 style-local-589-c4 position-relative\">\n              <!---->\n              <!---->\n              <div class=\"w-100 h-y-container h-column__content h-column__v-align flex-basis-100 align-self-lg-start align-self-md-start align-self-start\">\n                <!---->\n                <div data-colibri-id=\"589-c5\" class=\"h-global-transition-all h-heading style-933 style-local-589-c5 position-relative h-element\">\n                  <!---->\n                  <div class=\"h-heading__outer style-933 style-local-589-c5\">\n                    <!---->\n                    <!---->\n                    <h1 class=\"\"><span style=\"color: rgb(39, 96, 120);\">Excursion de bi\u00e8re \u00e0 Baden - 24.10.20<\/span><\/h1>\n                  <\/div>\n                <\/div>\n              <\/div>\n            <\/div>\n          <\/div>\n        <\/div>\n      <\/div>\n    <\/div>\n  <\/div>\n  <div data-colibri-component=\"section\" data-colibri-id=\"589-c6\" id=\"photo-gallery\" class=\"h-section h-section-global-spacing d-flex align-items-lg-center align-items-md-center align-items-center style-1626 style-local-589-c6 position-relative\">\n    <!---->\n    <!---->\n    <div class=\"h-section-grid-container h-section-boxed-container\">\n      <div data-colibri-id=\"589-c13\" class=\"h-row-container gutters-row-lg-0 gutters-row-md-0 gutters-row-2 gutters-row-v-lg-0 gutters-row-v-md-0 gutters-row-v-0 style-1630 style-local-589-c13 position-relative\">\n        <!---->\n        <div class=\"h-row justify-content-lg-center justify-content-md-center justify-content-center align-items-lg-stretch align-items-md-stretch align-items-stretch gutters-col-lg-0 gutters-col-md-0 gutters-col-2 gutters-col-v-lg-0 gutters-col-v-md-0 gutters-col-v-0\">\n          <!---->\n          <div class=\"h-column h-column-container d-flex h-col-lg-auto h-col-md-auto h-col-auto style-1631-outer style-local-589-c14-outer\">\n            <div data-colibri-id=\"589-c14\" class=\"d-flex h-flex-basis h-column__inner h-px-lg-0 h-px-md-0 h-px-2 v-inner-lg-0 v-inner-md-0 v-inner-2 style-1631 style-local-589-c14 position-relative\">\n              <!---->\n              <!---->\n              <div class=\"w-100 h-y-container h-column__content h-column__v-align flex-basis-100 align-self-lg-start align-self-md-start align-self-start\">\n                <!---->\n                <div data-colibri-id=\"589-c15\" class=\"h-text h-text-component style-1634 style-local-589-c15 position-relative h-element\">\n                  <!---->\n                  <!---->\n                  <div class=\"\">\n                    <p><span style=\"font-weight: 300;\">Tout d'abord, il y a eu une visite de la brasserie M\u00fcllerbier au c\u0153ur de Baden, fond\u00e9e en 1897. La brasserie appartient \u00e0 la m\u00eame famille depuis quatre g\u00e9n\u00e9rations et est synonyme d'innovation bas\u00e9e sur des recettes traditionnelles.<\/span><\/p>\n                    <p><span style=\"font-weight: 300;\">Au cours de la visite, nous avons appris des histoires passionnantes et dr\u00f4les du monde de la bi\u00e8re entre les casseroles, les barils et les r\u00e9servoirs de stockage. Bien entendu, nous avons \u00e9galement pu go\u00fbter la bi\u00e8re nous-m\u00eames \u00e0 la fin de la visite.<\/span><\/p>\n                    <p><span style=\"font-weight: 300;\">Ensuite, nous nous sommes rendus au Kulturcaf\u00e9 Baden, o\u00f9 nous avons discut\u00e9 et pris un d\u00e9jeuner l\u00e9ger. Ce caf\u00e9 accueillant est g\u00e9r\u00e9 par un Belge et sa femme suisse depuis 2013.<\/span><\/p>\n                  <\/div>\n                <\/div>\n              <\/div>\n            <\/div>\n          <\/div>\n        <\/div>\n      <\/div>\n      <div data-colibri-id=\"589-c7\" class=\"h-row-container gutters-row-lg-2 gutters-row-md-2 gutters-row-2 gutters-row-v-lg-2 gutters-row-v-md-2 gutters-row-v-2 style-1627 style-local-589-c7 position-relative\">\n        <!---->\n        <div class=\"h-row justify-content-lg-center justify-content-md-center justify-content-center align-items-lg-stretch align-items-md-stretch align-items-stretch gutters-col-lg-2 gutters-col-md-2 gutters-col-2 gutters-col-v-lg-2 gutters-col-v-md-2 gutters-col-v-2\">\n          <!---->\n          <div class=\"h-column h-column-container d-flex h-col-lg-auto h-col-md-auto h-col-auto style-1628-outer style-local-589-c8-outer\">\n            <div data-colibri-id=\"589-c8\" class=\"d-flex h-flex-basis h-column__inner h-px-lg-2 h-px-md-2 h-px-2 v-inner-lg-2 v-inner-md-2 v-inner-2 style-1628 style-local-589-c8 position-relative\">\n              <!---->\n              <!---->\n              <div class=\"w-100 h-y-container h-column__content h-column__v-align flex-basis-100 align-self-lg-start align-self-md-start align-self-start\">\n                <!---->\n                <div data-colibri-component=\"masonry\" data-colibri-id=\"589-c9\" class=\"h-photo-gallery margin-none caption-none style-1629 style-local-589-c9 position-relative h-element\">\n                  <!---->\n                  <div class=\"h-global-transition-all caption-wrapper-full\"><div id='colibri-589-c9' class='gallery-wrapper'>    <style type=\"text\/css\">\n\n        @media (min-width: 1023px) {        #colibri-589-c9        dl {\n            float: left;\n            width: 50% !important;\n            max-width: 50% !important;\n            min-width: 50% !important;\n        }\n\n        #colibri-589-c9        dl:nth-of-type(2n +1 ) {\n            clear: both;\n        }\n\n        }@media (min-width: 768px) and (max-width: 1023px) {        #colibri-589-c9        dl {\n            float: left;\n            width: 50% !important;\n            max-width: 50% !important;\n            min-width: 50% !important;\n        }\n\n        #colibri-589-c9        dl:nth-of-type(2n +1 ) {\n            clear: both;\n        }\n\n        }@media (max-width: 767px) {        #colibri-589-c9        dl {\n            float: left;\n            width: 50% !important;\n            max-width: 50% !important;\n            min-width: 50% !important;\n        }\n\n        #colibri-589-c9        dl:nth-of-type(2n +1 ) {\n            clear: both;\n        }\n\n        }\n        #colibri-589-c9        .gallery-item {\n            position: relative;\n        }\n\n        \n    <\/style>\n    <div   class='colibri-589-c9-dls-wrapper gallery-items-wrapper' ><dl class='gallery-item masonry-item'>\n\t\t\t<dt class='gallery-icon landscape'>\n\t\t\t\t<a data-fancybox=\"colibri-589-c9-group\" href='https:\/\/www.ubu-zh.ch\/wp-content\/uploads\/2021\/08\/022-scaled.jpg'><img loading=\"lazy\" decoding=\"async\"  width=\"300\" height=\"225\" src=\"https:\/\/www.ubu-zh.ch\/wp-content\/uploads\/2021\/08\/022-300x225.jpg\"  class='colibri-589-c9-image' alt=\"\" srcset=\"https:\/\/www.ubu-zh.ch\/wp-content\/uploads\/2021\/08\/022-300x225.jpg 300w, https:\/\/www.ubu-zh.ch\/wp-content\/uploads\/2021\/08\/022-1024x768.jpg 1024w, https:\/\/www.ubu-zh.ch\/wp-content\/uploads\/2021\/08\/022-768x576.jpg 768w, https:\/\/www.ubu-zh.ch\/wp-content\/uploads\/2021\/08\/022-1536x1152.jpg 1536w, https:\/\/www.ubu-zh.ch\/wp-content\/uploads\/2021\/08\/022-2048x1536.jpg 2048w, https:\/\/www.ubu-zh.ch\/wp-content\/uploads\/2021\/08\/022-16x12.jpg 16w\" sizes=\"auto, (max-width: 300px) 100vw, 300px\" \/><\/a>\n\t\t\t<\/dt><\/dl><dl class='gallery-item masonry-item'>\n\t\t\t<dt class='gallery-icon portrait'>\n\t\t\t\t<a data-fancybox=\"colibri-589-c9-group\" href='https:\/\/www.ubu-zh.ch\/wp-content\/uploads\/2021\/08\/025-scaled.jpg'><img loading=\"lazy\" decoding=\"async\"  width=\"225\" height=\"300\" src=\"https:\/\/www.ubu-zh.ch\/wp-content\/uploads\/2021\/08\/025-225x300.jpg\"  class='colibri-589-c9-image' alt=\"\" srcset=\"https:\/\/www.ubu-zh.ch\/wp-content\/uploads\/2021\/08\/025-225x300.jpg 225w, https:\/\/www.ubu-zh.ch\/wp-content\/uploads\/2021\/08\/025-768x1024.jpg 768w, https:\/\/www.ubu-zh.ch\/wp-content\/uploads\/2021\/08\/025-1152x1536.jpg 1152w, https:\/\/www.ubu-zh.ch\/wp-content\/uploads\/2021\/08\/025-1536x2048.jpg 1536w, https:\/\/www.ubu-zh.ch\/wp-content\/uploads\/2021\/08\/025-9x12.jpg 9w, https:\/\/www.ubu-zh.ch\/wp-content\/uploads\/2021\/08\/025-scaled.jpg 1920w\" sizes=\"auto, (max-width: 225px) 100vw, 225px\" \/><\/a>\n\t\t\t<\/dt><\/dl><dl class='gallery-item masonry-item'>\n\t\t\t<dt class='gallery-icon landscape'>\n\t\t\t\t<a data-fancybox=\"colibri-589-c9-group\" href='https:\/\/www.ubu-zh.ch\/wp-content\/uploads\/2021\/08\/026-scaled.jpg'><img loading=\"lazy\" decoding=\"async\"  width=\"300\" height=\"225\" src=\"https:\/\/www.ubu-zh.ch\/wp-content\/uploads\/2021\/08\/026-300x225.jpg\"  class='colibri-589-c9-image' alt=\"\" srcset=\"https:\/\/www.ubu-zh.ch\/wp-content\/uploads\/2021\/08\/026-300x225.jpg 300w, https:\/\/www.ubu-zh.ch\/wp-content\/uploads\/2021\/08\/026-1024x768.jpg 1024w, https:\/\/www.ubu-zh.ch\/wp-content\/uploads\/2021\/08\/026-768x576.jpg 768w, https:\/\/www.ubu-zh.ch\/wp-content\/uploads\/2021\/08\/026-1536x1152.jpg 1536w, https:\/\/www.ubu-zh.ch\/wp-content\/uploads\/2021\/08\/026-2048x1536.jpg 2048w, https:\/\/www.ubu-zh.ch\/wp-content\/uploads\/2021\/08\/026-16x12.jpg 16w\" sizes=\"auto, (max-width: 300px) 100vw, 300px\" \/><\/a>\n\t\t\t<\/dt><\/dl><dl class='gallery-item masonry-item'>\n\t\t\t<dt class='gallery-icon landscape'>\n\t\t\t\t<a data-fancybox=\"colibri-589-c9-group\" href='https:\/\/www.ubu-zh.ch\/wp-content\/uploads\/2021\/08\/029-scaled.jpg'><img loading=\"lazy\" decoding=\"async\"  width=\"300\" height=\"225\" src=\"https:\/\/www.ubu-zh.ch\/wp-content\/uploads\/2021\/08\/029-300x225.jpg\"  class='colibri-589-c9-image' alt=\"\" srcset=\"https:\/\/www.ubu-zh.ch\/wp-content\/uploads\/2021\/08\/029-300x225.jpg 300w, https:\/\/www.ubu-zh.ch\/wp-content\/uploads\/2021\/08\/029-1024x768.jpg 1024w, https:\/\/www.ubu-zh.ch\/wp-content\/uploads\/2021\/08\/029-768x576.jpg 768w, https:\/\/www.ubu-zh.ch\/wp-content\/uploads\/2021\/08\/029-1536x1152.jpg 1536w, https:\/\/www.ubu-zh.ch\/wp-content\/uploads\/2021\/08\/029-2048x1536.jpg 2048w, https:\/\/www.ubu-zh.ch\/wp-content\/uploads\/2021\/08\/029-16x12.jpg 16w\" sizes=\"auto, (max-width: 300px) 100vw, 300px\" \/><\/a>\n\t\t\t<\/dt><\/dl><dl class='gallery-item masonry-item'>\n\t\t\t<dt class='gallery-icon landscape'>\n\t\t\t\t<a data-fancybox=\"colibri-589-c9-group\" href='https:\/\/www.ubu-zh.ch\/wp-content\/uploads\/2021\/08\/031-scaled.jpg'><img loading=\"lazy\" decoding=\"async\"  width=\"300\" height=\"225\" src=\"https:\/\/www.ubu-zh.ch\/wp-content\/uploads\/2021\/08\/031-300x225.jpg\"  class='colibri-589-c9-image' alt=\"\" srcset=\"https:\/\/www.ubu-zh.ch\/wp-content\/uploads\/2021\/08\/031-300x225.jpg 300w, https:\/\/www.ubu-zh.ch\/wp-content\/uploads\/2021\/08\/031-1024x768.jpg 1024w, https:\/\/www.ubu-zh.ch\/wp-content\/uploads\/2021\/08\/031-768x576.jpg 768w, https:\/\/www.ubu-zh.ch\/wp-content\/uploads\/2021\/08\/031-1536x1152.jpg 1536w, https:\/\/www.ubu-zh.ch\/wp-content\/uploads\/2021\/08\/031-2048x1536.jpg 2048w, https:\/\/www.ubu-zh.ch\/wp-content\/uploads\/2021\/08\/031-16x12.jpg 16w\" sizes=\"auto, (max-width: 300px) 100vw, 300px\" \/><\/a>\n\t\t\t<\/dt><\/dl><dl class='gallery-item masonry-item'>\n\t\t\t<dt class='gallery-icon portrait'>\n\t\t\t\t<a data-fancybox=\"colibri-589-c9-group\" href='https:\/\/www.ubu-zh.ch\/wp-content\/uploads\/2021\/08\/108-scaled.jpg'><img loading=\"lazy\" decoding=\"async\"  width=\"225\" height=\"300\" src=\"https:\/\/www.ubu-zh.ch\/wp-content\/uploads\/2021\/08\/108-225x300.jpg\"  class='colibri-589-c9-image' alt=\"\" srcset=\"https:\/\/www.ubu-zh.ch\/wp-content\/uploads\/2021\/08\/108-225x300.jpg 225w, https:\/\/www.ubu-zh.ch\/wp-content\/uploads\/2021\/08\/108-768x1024.jpg 768w, https:\/\/www.ubu-zh.ch\/wp-content\/uploads\/2021\/08\/108-1152x1536.jpg 1152w, https:\/\/www.ubu-zh.ch\/wp-content\/uploads\/2021\/08\/108-1536x2048.jpg 1536w, https:\/\/www.ubu-zh.ch\/wp-content\/uploads\/2021\/08\/108-9x12.jpg 9w, https:\/\/www.ubu-zh.ch\/wp-content\/uploads\/2021\/08\/108-scaled.jpg 1920w\" sizes=\"auto, (max-width: 225px) 100vw, 225px\" \/><\/a>\n\t\t\t<\/dt><\/dl><dl class='gallery-item masonry-item'>\n\t\t\t<dt class='gallery-icon landscape'>\n\t\t\t\t<a data-fancybox=\"colibri-589-c9-group\" href='https:\/\/www.ubu-zh.ch\/wp-content\/uploads\/2021\/08\/111-scaled.jpg'><img loading=\"lazy\" decoding=\"async\"  width=\"300\" height=\"225\" src=\"https:\/\/www.ubu-zh.ch\/wp-content\/uploads\/2021\/08\/111-300x225.jpg\"  class='colibri-589-c9-image' alt=\"\" srcset=\"https:\/\/www.ubu-zh.ch\/wp-content\/uploads\/2021\/08\/111-300x225.jpg 300w, https:\/\/www.ubu-zh.ch\/wp-content\/uploads\/2021\/08\/111-1024x768.jpg 1024w, https:\/\/www.ubu-zh.ch\/wp-content\/uploads\/2021\/08\/111-768x576.jpg 768w, https:\/\/www.ubu-zh.ch\/wp-content\/uploads\/2021\/08\/111-1536x1152.jpg 1536w, https:\/\/www.ubu-zh.ch\/wp-content\/uploads\/2021\/08\/111-2048x1536.jpg 2048w, https:\/\/www.ubu-zh.ch\/wp-content\/uploads\/2021\/08\/111-16x12.jpg 16w\" sizes=\"auto, (max-width: 300px) 100vw, 300px\" \/><\/a>\n\t\t\t<\/dt><\/dl><dl class='gallery-item masonry-item'>\n\t\t\t<dt class='gallery-icon landscape'>\n\t\t\t\t<a data-fancybox=\"colibri-589-c9-group\" href='https:\/\/www.ubu-zh.ch\/wp-content\/uploads\/2021\/08\/115-scaled.jpg'><img loading=\"lazy\" decoding=\"async\"  width=\"300\" height=\"225\" src=\"https:\/\/www.ubu-zh.ch\/wp-content\/uploads\/2021\/08\/115-300x225.jpg\"  class='colibri-589-c9-image' alt=\"\" srcset=\"https:\/\/www.ubu-zh.ch\/wp-content\/uploads\/2021\/08\/115-300x225.jpg 300w, https:\/\/www.ubu-zh.ch\/wp-content\/uploads\/2021\/08\/115-1024x768.jpg 1024w, https:\/\/www.ubu-zh.ch\/wp-content\/uploads\/2021\/08\/115-768x576.jpg 768w, https:\/\/www.ubu-zh.ch\/wp-content\/uploads\/2021\/08\/115-1536x1152.jpg 1536w, https:\/\/www.ubu-zh.ch\/wp-content\/uploads\/2021\/08\/115-2048x1536.jpg 2048w, https:\/\/www.ubu-zh.ch\/wp-content\/uploads\/2021\/08\/115-16x12.jpg 16w\" sizes=\"auto, (max-width: 300px) 100vw, 300px\" \/><\/a>\n\t\t\t<\/dt><\/dl><dl class='gallery-item masonry-item'>\n\t\t\t<dt class='gallery-icon landscape'>\n\t\t\t\t<a data-fancybox=\"colibri-589-c9-group\" href='https:\/\/www.ubu-zh.ch\/wp-content\/uploads\/2021\/08\/125-scaled.jpg'><img loading=\"lazy\" decoding=\"async\"  width=\"300\" height=\"225\" src=\"https:\/\/www.ubu-zh.ch\/wp-content\/uploads\/2021\/08\/125-300x225.jpg\"  class='colibri-589-c9-image' alt=\"\" srcset=\"https:\/\/www.ubu-zh.ch\/wp-content\/uploads\/2021\/08\/125-300x225.jpg 300w, https:\/\/www.ubu-zh.ch\/wp-content\/uploads\/2021\/08\/125-1024x768.jpg 1024w, https:\/\/www.ubu-zh.ch\/wp-content\/uploads\/2021\/08\/125-768x576.jpg 768w, https:\/\/www.ubu-zh.ch\/wp-content\/uploads\/2021\/08\/125-1536x1152.jpg 1536w, https:\/\/www.ubu-zh.ch\/wp-content\/uploads\/2021\/08\/125-2048x1536.jpg 2048w, https:\/\/www.ubu-zh.ch\/wp-content\/uploads\/2021\/08\/125-16x12.jpg 16w\" sizes=\"auto, (max-width: 300px) 100vw, 300px\" \/><\/a>\n\t\t\t<\/dt><\/dl><dl class='gallery-item masonry-item'>\n\t\t\t<dt class='gallery-icon landscape'>\n\t\t\t\t<a data-fancybox=\"colibri-589-c9-group\" href='https:\/\/www.ubu-zh.ch\/wp-content\/uploads\/2021\/08\/126-scaled.jpg'><img loading=\"lazy\" decoding=\"async\"  width=\"300\" height=\"225\" src=\"https:\/\/www.ubu-zh.ch\/wp-content\/uploads\/2021\/08\/126-300x225.jpg\"  class='colibri-589-c9-image' alt=\"\" srcset=\"https:\/\/www.ubu-zh.ch\/wp-content\/uploads\/2021\/08\/126-300x225.jpg 300w, https:\/\/www.ubu-zh.ch\/wp-content\/uploads\/2021\/08\/126-1024x768.jpg 1024w, https:\/\/www.ubu-zh.ch\/wp-content\/uploads\/2021\/08\/126-768x576.jpg 768w, https:\/\/www.ubu-zh.ch\/wp-content\/uploads\/2021\/08\/126-1536x1152.jpg 1536w, https:\/\/www.ubu-zh.ch\/wp-content\/uploads\/2021\/08\/126-2048x1536.jpg 2048w, https:\/\/www.ubu-zh.ch\/wp-content\/uploads\/2021\/08\/126-16x12.jpg 16w\" sizes=\"auto, (max-width: 300px) 100vw, 300px\" \/><\/a>\n\t\t\t<\/dt><\/dl><dl class='gallery-item masonry-item'>\n\t\t\t<dt class='gallery-icon landscape'>\n\t\t\t\t<a data-fancybox=\"colibri-589-c9-group\" href='https:\/\/www.ubu-zh.ch\/wp-content\/uploads\/2021\/08\/128-scaled.jpg'><img loading=\"lazy\" decoding=\"async\"  width=\"300\" height=\"225\" src=\"https:\/\/www.ubu-zh.ch\/wp-content\/uploads\/2021\/08\/128-300x225.jpg\"  class='colibri-589-c9-image' alt=\"\" srcset=\"https:\/\/www.ubu-zh.ch\/wp-content\/uploads\/2021\/08\/128-300x225.jpg 300w, https:\/\/www.ubu-zh.ch\/wp-content\/uploads\/2021\/08\/128-1024x768.jpg 1024w, https:\/\/www.ubu-zh.ch\/wp-content\/uploads\/2021\/08\/128-768x576.jpg 768w, https:\/\/www.ubu-zh.ch\/wp-content\/uploads\/2021\/08\/128-1536x1152.jpg 1536w, https:\/\/www.ubu-zh.ch\/wp-content\/uploads\/2021\/08\/128-2048x1536.jpg 2048w, https:\/\/www.ubu-zh.ch\/wp-content\/uploads\/2021\/08\/128-16x12.jpg 16w\" sizes=\"auto, (max-width: 300px) 100vw, 300px\" \/><\/a>\n\t\t\t<\/dt><\/dl><dl class='gallery-item masonry-item'>\n\t\t\t<dt class='gallery-icon landscape'>\n\t\t\t\t<a data-fancybox=\"colibri-589-c9-group\" href='https:\/\/www.ubu-zh.ch\/wp-content\/uploads\/2021\/08\/129-scaled.jpg'><img loading=\"lazy\" decoding=\"async\"  width=\"300\" height=\"225\" src=\"https:\/\/www.ubu-zh.ch\/wp-content\/uploads\/2021\/08\/129-300x225.jpg\"  class='colibri-589-c9-image' alt=\"\" srcset=\"https:\/\/www.ubu-zh.ch\/wp-content\/uploads\/2021\/08\/129-300x225.jpg 300w, https:\/\/www.ubu-zh.ch\/wp-content\/uploads\/2021\/08\/129-1024x768.jpg 1024w, https:\/\/www.ubu-zh.ch\/wp-content\/uploads\/2021\/08\/129-768x576.jpg 768w, https:\/\/www.ubu-zh.ch\/wp-content\/uploads\/2021\/08\/129-1536x1152.jpg 1536w, https:\/\/www.ubu-zh.ch\/wp-content\/uploads\/2021\/08\/129-2048x1536.jpg 2048w, https:\/\/www.ubu-zh.ch\/wp-content\/uploads\/2021\/08\/129-16x12.jpg 16w\" sizes=\"auto, (max-width: 300px) 100vw, 300px\" \/><\/a>\n\t\t\t<\/dt><\/dl>\n\t\t<\/div>\n<style>#colibri-589-c9 .wp-caption-text.gallery-caption{display:none;}<\/style><\/div><\/div>\n                <\/div>\n              <\/div>\n            <\/div>\n          <\/div>\n        <\/div>\n      <\/div>\n      <div data-colibri-id=\"589-c10\" class=\"h-row-container gutters-row-lg-2 gutters-row-md-2 gutters-row-0 gutters-row-v-lg-2 gutters-row-v-md-2 gutters-row-v-2 style-1637 style-local-589-c10 position-relative\">\n        <!---->\n        <div class=\"h-row justify-content-lg-center justify-content-md-center justify-content-center align-items-lg-stretch align-items-md-stretch align-items-stretch gutters-col-lg-2 gutters-col-md-2 gutters-col-0 gutters-col-v-lg-2 gutters-col-v-md-2 gutters-col-v-2\">\n          <!---->\n          <div class=\"h-column h-column-container d-flex h-col-lg-auto h-col-md-auto h-col-auto style-1638-outer style-local-589-c11-outer\">\n            <div data-colibri-id=\"589-c11\" class=\"d-flex h-flex-basis h-column__inner h-px-lg-2 h-px-md-2 h-px-2 v-inner-lg-2 v-inner-md-2 v-inner-2 style-1638 style-local-589-c11 position-relative\">\n              <!---->\n              <!---->\n              <div class=\"w-100 h-y-container h-column__content h-column__v-align flex-basis-100 align-self-lg-start align-self-md-start align-self-start\">\n                <!---->\n                <div data-colibri-id=\"589-c12\" class=\"h-divider style-1636 style-local-589-c12 position-relative h-element\">\n                  <!----><span class=\"h-divider__line style-1636-line style-local-589-c12-line style-1636-line style-local-589-c12-line\"><\/span> <span class=\"h-svg-icon h-divider__icon style-1636-icon style-local-589-c12-icon\"><!--Icon by Ionicons (https:\/\/ionicons.com)--><svg version=\"1.1\" xmlns=\"http:\/\/www.w3.org\/2000\/svg\" xmlns:xlink=\"http:\/\/www.w3.org\/1999\/xlink\" id=\"beer\" viewbox=\"0 0 448 512\"><path d=\"M384 160c35 0 64 29 64 64v96c0 35-29 64-64 64h-32v80c0 9-7 16-16 16H80c-9 0-16-7-16-16V241c-26 0-48-22-48-48v-55C6 127 0 112 0 96c0-35 29-64 64-64 18 0 34 8 46 20 10-12 26-20 43-20 14 0 27 6 37 14 12-9 26-14 42-14 17 0 34 6 46 16 11-10 26-16 42-16 35 0 64 29 64 64 0 24-18 44-32 48v16h32zm-88 144c4 0 8-3 8-8v-48c0-4-4-8-8-8s-8 4-8 8v48c0 3 2 6 4 7 1 1 2 1 4 1zm7-76c1-2 1-4 1-6s-1-4-3-5-4-1-6-1-4 2-5 4-2 4-2 6 2 4 4 5 4 1 6 1 4-2 5-4zm17-68v-32h-20c-3 8-7 16-13 23-13 16-33 25-55 25-26 0-48-13-61-33-6 2-12 3-18 3-12 0-23-4-32-10-2-1-3-3-5-4-1 2-2 3-3 5-5 6-11 10-17 14v41h80c0-4 4-8 8-8s8 4 8 8h128v-32zm31-55c1-3 1-6 1-9 0-18-14-32-32-32-9 0-17 4-23 10-2 2-6 5-16 6h-8c-6-1-12-3-14-5-7-7-16-11-27-11-9 0-18 4-25 9l-7 7c0 1 0 1-1 2-3 3-7 5-11 5-5 0-8-3-11-6-1-2-2-3-3-5s-3-4-5-6c-4-4-10-6-16-6-10 0-18 9-25 16-7 8-27 8-34 0S76 64 64 64c-18 0-32 14-32 32 0 2 1 5 1 7 2 9 7 17 15 21v69c0 9 7 16 16 16v-81c10 0 18-4 24-11 2-2 3-4 4-6 0 0 6-10 12-11s20-6 30 5c4 5 11 9 19 9 3 0 5-1 7-2 3-1 7-2 9-4 3-2 6-4 10-4 7 0 12 4 14 10 0 0 1 1 1 2 1 3 1 5 3 8 7 12 20 20 35 20 13 0 25-6 32-16 5-7 8-15 8-24s9-8 9-8h55c6 0 13 3 15 9zm65 215v-96c0-18-14-32-32-32h-32v160h32c18 0 32-14 32-32zM128 168c0-5 3-8 8-8s8 3 8 8-3 8-8 8-8-3-8-8zm160 0c0-5 3-8 8-8s8 3 8 8-3 8-8 8-8-3-8-8z\"><\/path><\/svg><\/span>                  <span class=\"h-divider__line style-1636-line style-local-589-c12-line style-1636-line style-local-589-c12-line\"><\/span><\/div>\n              <\/div>\n            <\/div>\n          <\/div>\n        <\/div>\n      <\/div>\n    <\/div>\n  <\/div>\n<\/div>","protected":false},"excerpt":{"rendered":"<p>Bierausflug nach Baden &#8211; 24.10.20 Zuerst fand eine Besichtigung der 1897 gegr\u00fcndeten Brauerei M\u00fcllerbier im Herzen von Baden statt. Die Brauerei befindet sich seit vier Generationen im Besitz derselben Familie und steht f\u00fcr Innovation auf der Grundlage traditioneller Rezepte. W\u00e4hrend des Besuchs haben wir spannende und lustige Geschichten aus der Welt des Bieres zwischen Pfannen, [&hellip;]<\/p>\n","protected":false},"author":1,"featured_media":590,"parent":107,"menu_order":0,"comment_status":"closed","ping_status":"closed","template":"page-templates\/full-width-page.php","meta":{"footnotes":""},"class_list":["post-589","page","type-page","status-publish","has-post-thumbnail","hentry"],"_links":{"self":[{"href":"https:\/\/www.ubu-zh.ch\/fr\/wp-json\/wp\/v2\/pages\/589","targetHints":{"allow":["GET"]}}],"collection":[{"href":"https:\/\/www.ubu-zh.ch\/fr\/wp-json\/wp\/v2\/pages"}],"about":[{"href":"https:\/\/www.ubu-zh.ch\/fr\/wp-json\/wp\/v2\/types\/page"}],"author":[{"embeddable":true,"href":"https:\/\/www.ubu-zh.ch\/fr\/wp-json\/wp\/v2\/users\/1"}],"replies":[{"embeddable":true,"href":"https:\/\/www.ubu-zh.ch\/fr\/wp-json\/wp\/v2\/comments?post=589"}],"version-history":[{"count":18,"href":"https:\/\/www.ubu-zh.ch\/fr\/wp-json\/wp\/v2\/pages\/589\/revisions"}],"predecessor-version":[{"id":3627,"href":"https:\/\/www.ubu-zh.ch\/fr\/wp-json\/wp\/v2\/pages\/589\/revisions\/3627"}],"up":[{"embeddable":true,"href":"https:\/\/www.ubu-zh.ch\/fr\/wp-json\/wp\/v2\/pages\/107"}],"wp:featuredmedia":[{"embeddable":true,"href":"https:\/\/www.ubu-zh.ch\/fr\/wp-json\/wp\/v2\/media\/590"}],"wp:attachment":[{"href":"https:\/\/www.ubu-zh.ch\/fr\/wp-json\/wp\/v2\/media?parent=589"}],"curies":[{"name":"wp","href":"https:\/\/api.w.org\/{rel}","templated":true}]}}