{"id":594,"date":"2019-11-27T23:52:11","date_gmt":"2019-11-27T22:52:11","guid":{"rendered":"http:\/\/www.ubu-zh.ch\/?page_id=594"},"modified":"2019-12-04T19:28:11","modified_gmt":"2019-12-04T18:28:11","slug":"fondue-a-zurich","status":"publish","type":"page","link":"https:\/\/www.ubu-zh.ch\/fr\/photos\/activites-2\/fondue-a-zurich\/","title":{"rendered":"Fondue \u00e0 Zurich"},"content":{"rendered":"<div data-colibri-id=\"594-c1\" class=\"style-965 style-local-594-c1 position-relative\">\n  <!---->\n  <div data-colibri-component=\"section\" data-colibri-id=\"594-c2\" id=\"custom\" class=\"h-section h-section-global-spacing d-flex align-items-lg-center align-items-md-center align-items-center style-966 style-local-594-c2 position-relative\">\n    <!---->\n    <!---->\n    <div class=\"h-section-grid-container h-section-boxed-container\">\n      <!---->\n      <div data-colibri-id=\"594-c3\" class=\"h-row-container gutters-row-lg-2 gutters-row-md-2 gutters-row-0 gutters-row-v-lg-2 gutters-row-v-md-2 gutters-row-v-2 style-967 style-local-594-c3 position-relative\">\n        <!---->\n        <div class=\"h-row justify-content-lg-center justify-content-md-center justify-content-center align-items-lg-stretch align-items-md-stretch align-items-stretch gutters-col-lg-2 gutters-col-md-2 gutters-col-0 gutters-col-v-lg-2 gutters-col-v-md-2 gutters-col-v-2\">\n          <!---->\n          <div class=\"h-column h-column-container d-flex h-col-lg-auto h-col-md-auto h-col-auto style-968-outer style-local-594-c4-outer\">\n            <div data-colibri-id=\"594-c4\" class=\"d-flex h-flex-basis h-column__inner h-px-lg-2 h-px-md-2 h-px-2 v-inner-lg-2 v-inner-md-2 v-inner-2 style-968 style-local-594-c4 position-relative\">\n              <!---->\n              <!---->\n              <div class=\"w-100 h-y-container h-column__content h-column__v-align flex-basis-100 align-self-lg-start align-self-md-start align-self-start\">\n                <!---->\n                <div data-colibri-id=\"594-c5\" class=\"h-global-transition-all h-heading style-969 style-local-594-c5 position-relative h-element\">\n                  <!---->\n                  <!---->\n                  <h1 class=\"\"><span style=\"color: rgb(255, 255, 255);\">Fondue diner \u00e0 Zurich<\/span><\/h1>\n                <\/div>\n              <\/div>\n            <\/div>\n          <\/div>\n        <\/div>\n      <\/div>\n    <\/div>\n  <\/div>\n  <div data-colibri-component=\"section\" data-colibri-id=\"594-c6\" id=\"content\" class=\"h-section h-section-global-spacing d-flex align-items-lg-center align-items-md-center align-items-center style-970 style-local-594-c6 position-relative\">\n    <div class=\"background-wrapper\">\n      <div class=\"background-layer background-layer-media-container-lg\">\n        <!---->\n        <div class=\"overlay-layer\">\n          <div class=\"overlay-image-layer\" style=\"background-image: linear-gradient(90deg, rgb(39, 96, 120) 40%, rgb(255, 255, 255) 0%);\"><\/div>\n          <div class=\"shape-layer\" style=\"background-image: url(&quot;http:\/\/www.ubu-zh.ch\/aktivitaeten\/fondue-in-zuerich\/?customize_changeset_uuid=e3f87a47-fb64-4081-bbde-fc84f112a40f&amp;customize_theme=colibri-wp&amp;customize_messenger_channel=preview-0&quot;); background-size: cover; filter: invert(0%); background-position: center center; background-repeat: no-repeat no-repeat;\"><\/div>\n        <\/div>\n      <\/div>\n      <div class=\"background-layer background-layer-media-container-md\">\n        <!---->\n        <div class=\"overlay-layer\">\n          <div class=\"overlay-image-layer\" style=\"background-image: linear-gradient(90deg, rgb(39, 96, 120) 40%, rgb(255, 255, 255) 0%);\"><\/div>\n          <div class=\"shape-layer\" style=\"background-image: url(&quot;http:\/\/www.ubu-zh.ch\/aktivitaeten\/fondue-in-zuerich\/?customize_changeset_uuid=e3f87a47-fb64-4081-bbde-fc84f112a40f&amp;customize_theme=colibri-wp&amp;customize_messenger_channel=preview-0&quot;); background-size: cover; filter: invert(0%); background-position: center center; background-repeat: no-repeat no-repeat;\"><\/div>\n        <\/div>\n      <\/div>\n      <div class=\"background-layer background-layer-media-container\">\n        <!---->\n        <div class=\"overlay-layer\">\n          <div class=\"overlay-image-layer\" style=\"background-image: linear-gradient(90deg, rgb(39, 96, 120) 40%, rgb(255, 255, 255) 0%);\"><\/div>\n          <div class=\"shape-layer\" style=\"background-image: url(&quot;http:\/\/www.ubu-zh.ch\/aktivitaeten\/fondue-in-zuerich\/?customize_changeset_uuid=e3f87a47-fb64-4081-bbde-fc84f112a40f&amp;customize_theme=colibri-wp&amp;customize_messenger_channel=preview-0&quot;); background-size: cover; filter: invert(0%); background-position: center center; background-repeat: no-repeat no-repeat;\"><\/div>\n        <\/div>\n      <\/div>\n    <\/div>\n    <!---->\n    <div class=\"h-section-grid-container h-section-boxed-container\">\n      <!---->\n      <div data-colibri-id=\"594-c7\" class=\"h-row-container gutters-row-lg-2 gutters-row-md-2 gutters-row-2 gutters-row-v-lg-2 gutters-row-v-md-2 gutters-row-v-2 style-971 style-local-594-c7 position-relative\">\n        <!---->\n        <div class=\"h-row justify-content-lg-center justify-content-md-center justify-content-center align-items-lg-stretch align-items-md-stretch align-items-stretch gutters-col-lg-2 gutters-col-md-2 gutters-col-2 gutters-col-v-lg-2 gutters-col-v-md-2 gutters-col-v-2\">\n          <!---->\n          <div class=\"h-column h-column-container d-flex h-col-lg-auto h-col-md-auto h-col-auto style-972-outer style-local-594-c8-outer\">\n            <div data-colibri-id=\"594-c8\" class=\"d-flex h-flex-basis h-column__inner h-ui-empty-state-container h-px-lg-0 h-px-md-0 h-px-0 v-inner-lg-0 v-inner-md-0 v-inner-0 style-972 style-local-594-c8 position-relative\">\n              <!---->\n              <!---->\n              <div class=\"w-100 h-y-container h-column__content h-column__v-align flex-basis-100\">\n                <!---->\n              <\/div>\n            <\/div>\n          <\/div>\n          <div class=\"h-column h-column-container d-flex h-col-lg-auto h-col-md-auto h-col-auto style-973-outer style-local-594-c9-outer\">\n            <div data-colibri-id=\"594-c9\" class=\"d-flex h-flex-basis h-column__inner h-px-lg-0 h-px-md-0 h-px-0 v-inner-lg-0 v-inner-md-0 v-inner-0 style-973 style-local-594-c9 position-relative\">\n              <!---->\n              <!---->\n              <div class=\"w-100 h-y-container h-column__content h-column__v-align flex-basis-100 align-self-lg-center align-self-md-center align-self-center\">\n                <!---->\n                <div data-colibri-component=\"content-swap\" data-colibri-id=\"594-c10\" class=\"content-swap style-974 style-local-594-c10 h-overflow-hidden position-relative h-element\">\n                  <!---->\n                  <div class=\"d-flex position-relative border-radius-inherit h-content-swap__overflow\">\n                    <div data-normal=\"\" data-colibri-id=\"594-c11\" class=\"h-content-swap__normal d-flex border-radius-inherit hide-animation style-975 style-local-594-c11 position-relative\">\n                      <!---->\n                      <div class=\"w-100 h-y-container align-self-lg-center align-self-md-center align-self-center\">\n                        <!---->\n                        <div data-colibri-id=\"594-c12\" class=\"h-icon style-976 style-local-594-c12 position-relative h-element\">\n                          <!----><span class=\"h-svg-icon h-icon__icon style-976-icon style-local-594-c12-icon\"><!--Icon by Font Awesome (https:\/\/fontawesome.com)--><svg version=\"1.1\" xmlns=\"http:\/\/www.w3.org\/2000\/svg\" xmlns:xlink=\"http:\/\/www.w3.org\/1999\/xlink\" id=\"bookmark\" viewbox=\"0 0 1397.9638 1896.0833\"><path d=\"M1164 128q23 0 44 9 33 13 52.5 41t19.5 62v1289q0 34-19.5 62t-52.5 41q-19 8-44 8-48 0-83-32l-441-424-441 424q-36 33-83 33-23 0-44-9-33-13-52.5-41T0 1529V240q0-34 19.5-62T72 137q21-9 44-9h1048z\"><\/path><\/svg><\/span><\/div>\n                        <div\n                          data-colibri-id=\"594-c13\" class=\"h-global-transition-all h-heading style-977 style-local-594-c13 position-relative h-element\">\n                          <!---->\n                          <!---->\n                          <h4 class=\"\"><span style=\"color: rgb(92, 104, 107);\">d\u00e9cembre<\/span><\/h4>\n                      <\/div>\n                      <div data-colibri-id=\"594-c14\" class=\"h-divider style-978 style-local-594-c14 position-relative h-element\">\n                        <!----><span class=\"h-divider__line style-978-line style-local-594-c14-line style-978-line style-local-594-c14-line\"><\/span><\/div>\n                      <div data-colibri-id=\"594-c15\" class=\"h-text h-text-component style-979 style-local-594-c15 position-relative h-element\">\n                        <!---->\n                        <!---->\n                        <div class=\"\">\n                          <p><span style=\"font-family: &quot;Open Sans&quot;; color: rgb(111, 111, 111); font-weight: 400; font-size: 16px;\">Malheureusement, les pr\u00e9paratifs de cet \u00e9v\u00e9nement ne sont pas encore termin\u00e9s. Mais ne vous inqui\u00e9tez pas, nous vous informerons \u00e0 temps.<\/span>.<\/p>\n                        <\/div>\n                      <\/div>\n                    <\/div>\n                  <\/div>\n                  <div data-hover=\"\" data-colibri-component=\"link\" data-href=\"\" data-colibri-id=\"594-c16\" class=\"h-content-swap-hover-container animated h-content-swap__hover d-flex border-radius-inherit slideInRight justify-content-lg-center justify-content-md-center justify-content-center style-980 style-local-594-c16 position-relative\"\n                    style=\"display: none;\">\n                    <!---->\n                    <div class=\"w-100 h-y-container align-self-lg-center align-self-md-center align-self-center\">\n                      <!---->\n                      <div data-colibri-id=\"594-c17\" class=\"h-row-container gutters-row-lg-0 gutters-row-md-0 gutters-row-2 gutters-row-v-lg-0 gutters-row-v-md-0 gutters-row-v-2 style-981 style-local-594-c17 position-relative\">\n                        <!---->\n                        <div class=\"h-row justify-content-lg-center justify-content-md-center justify-content-center align-items-lg-stretch align-items-md-stretch align-items-stretch gutters-col-lg-0 gutters-col-md-0 gutters-col-2 gutters-col-v-lg-0 gutters-col-v-md-0 gutters-col-v-2\">\n                          <!---->\n                          <div class=\"h-column h-column-container d-flex h-col-lg-auto h-col-md-auto h-col-auto style-982-outer style-local-594-c18-outer h-hide-sm\">\n                            <div data-colibri-id=\"594-c18\" class=\"d-flex h-flex-basis h-column__inner h-px-lg-2 h-px-md-2 h-px-2 v-inner-lg-0 v-inner-md-0 v-inner-2 style-982 style-local-594-c18 h-hide-sm position-relative\">\n                              <!---->\n                              <!---->\n                              <div class=\"w-100 h-y-container h-column__content h-column__v-align flex-basis-auto align-self-lg-center align-self-md-center align-self-center\">\n                                <!---->\n                                <div data-colibri-id=\"594-c19\" class=\"h-icon style-983 style-local-594-c19 position-relative h-element\">\n                                  <!---->\n                                  <a href=\"#\" h-use-smooth-scroll=\"true\"><span class=\"h-svg-icon h-icon__icon style-983-icon style-local-594-c19-icon\"><!--Icon by Icons8 Line Awesome (https:\/\/icons8.com\/line-awesome)--><svg version=\"1.1\" xmlns=\"http:\/\/www.w3.org\/2000\/svg\" xmlns:xlink=\"http:\/\/www.w3.org\/1999\/xlink\" id=\"long-arrow-left\" viewbox=\"0 0 512 545.5\"><path d=\"M173 180.5l22.5 23L127 272h321v32H127l68.5 68.5-22.5 23-96-96L65.5 288 77 276.5z\"><\/path><\/svg><\/span><\/a>\n                                <\/div>\n                              <\/div>\n                            <\/div>\n                          <\/div>\n                          <div class=\"h-column h-column-container d-flex h-col-lg h-col-md h-col-auto style-984-outer style-local-594-c20-outer\">\n                            <div data-colibri-id=\"594-c20\" class=\"d-flex h-flex-basis h-column__inner h-ui-empty-state-container h-px-lg-0 h-px-md-0 h-px-0 v-inner-lg-0 v-inner-md-0 v-inner-0 style-984 style-local-594-c20 position-relative\">\n                              <!---->\n                              <!---->\n                              <div class=\"w-100 h-y-container h-column__content h-column__v-align flex-basis-100\">\n                                <!---->\n                              <\/div>\n                            <\/div>\n                          <\/div>\n                        <\/div>\n                      <\/div>\n                    <\/div>\n                  <\/div>\n                <\/div>\n              <\/div>\n            <\/div>\n          <\/div>\n        <\/div>\n      <\/div>\n    <\/div>\n  <\/div>\n<\/div>\n<div data-colibri-component=\"section\" data-colibri-id=\"594-c21\" id=\"custom-2\" class=\"h-section h-section-global-spacing d-flex align-items-lg-center align-items-md-center align-items-center style-985 style-local-594-c21 position-relative\">\n  <!---->\n  <!---->\n  <div class=\"h-section-grid-container h-section-boxed-container\">\n    <!---->\n    <div data-colibri-id=\"594-c22\" class=\"h-row-container gutters-row-lg-2 gutters-row-md-2 gutters-row-0 gutters-row-v-lg-2 gutters-row-v-md-2 gutters-row-v-2 style-986 style-local-594-c22 position-relative\">\n      <!---->\n      <div class=\"h-row justify-content-lg-center justify-content-md-center justify-content-center align-items-lg-stretch align-items-md-stretch align-items-stretch gutters-col-lg-2 gutters-col-md-2 gutters-col-0 gutters-col-v-lg-2 gutters-col-v-md-2 gutters-col-v-2\">\n        <!---->\n        <div class=\"h-column h-column-container d-flex h-col-lg-auto h-col-md-auto h-col-auto style-987-outer style-local-594-c23-outer\">\n          <div data-colibri-id=\"594-c23\" class=\"d-flex h-flex-basis h-column__inner h-ui-empty-state-container h-px-lg-2 h-px-md-2 h-px-2 v-inner-lg-2 v-inner-md-2 v-inner-2 style-987 style-local-594-c23 position-relative\">\n            <!---->\n            <!---->\n            <div class=\"w-100 h-y-container h-column__content h-column__v-align flex-basis-100\">\n              <!---->\n            <\/div>\n          <\/div>\n        <\/div>\n      <\/div>\n    <\/div>\n  <\/div>\n<\/div>\n<\/div>","protected":false},"excerpt":{"rendered":"<p>Fondue Essen in Z\u00fcrich Dezember Die Vorbereitungen f\u00fcr diesen Anlass sind leider noch nicht abgeschlossen. Aber keine Angst, wir werden Sie rechtzeitig informieren.<\/p>","protected":false},"author":1,"featured_media":0,"parent":107,"menu_order":0,"comment_status":"closed","ping_status":"closed","template":"page-templates\/full-width-page.php","meta":{"footnotes":""},"class_list":["post-594","page","type-page","status-publish","hentry"],"_links":{"self":[{"href":"https:\/\/www.ubu-zh.ch\/fr\/wp-json\/wp\/v2\/pages\/594","targetHints":{"allow":["GET"]}}],"collection":[{"href":"https:\/\/www.ubu-zh.ch\/fr\/wp-json\/wp\/v2\/pages"}],"about":[{"href":"https:\/\/www.ubu-zh.ch\/fr\/wp-json\/wp\/v2\/types\/page"}],"author":[{"embeddable":true,"href":"https:\/\/www.ubu-zh.ch\/fr\/wp-json\/wp\/v2\/users\/1"}],"replies":[{"embeddable":true,"href":"https:\/\/www.ubu-zh.ch\/fr\/wp-json\/wp\/v2\/comments?post=594"}],"version-history":[{"count":3,"href":"https:\/\/www.ubu-zh.ch\/fr\/wp-json\/wp\/v2\/pages\/594\/revisions"}],"predecessor-version":[{"id":1290,"href":"https:\/\/www.ubu-zh.ch\/fr\/wp-json\/wp\/v2\/pages\/594\/revisions\/1290"}],"up":[{"embeddable":true,"href":"https:\/\/www.ubu-zh.ch\/fr\/wp-json\/wp\/v2\/pages\/107"}],"wp:attachment":[{"href":"https:\/\/www.ubu-zh.ch\/fr\/wp-json\/wp\/v2\/media?parent=594"}],"curies":[{"name":"wp","href":"https:\/\/api.w.org\/{rel}","templated":true}]}}