{"id":5394,"date":"2024-10-05T12:08:22","date_gmt":"2024-10-05T10:08:22","guid":{"rendered":"https:\/\/www.ubu-zh.ch\/?page_id=5394"},"modified":"2024-11-27T21:56:39","modified_gmt":"2024-11-27T20:56:39","slug":"perseus","status":"publish","type":"page","link":"https:\/\/www.ubu-zh.ch\/nl\/fotos\/2024-fotos\/perseus\/","title":{"rendered":"Perseus"},"content":{"rendered":"<div data-colibri-id=\"5394-c1\" class=\"style-2636 style-local-5394-c1 position-relative\">\n  <!---->\n  <div data-colibri-component=\"section\" data-colibri-id=\"5394-c2\" id=\"custom\" class=\"h-section h-section-global-spacing d-flex align-items-lg-center align-items-md-center align-items-center style-2637 style-local-5394-c2 position-relative\">\n    <!---->\n    <!---->\n    <div class=\"h-section-grid-container h-section-boxed-container\">\n      <!---->\n      <div data-colibri-id=\"5394-c3\" class=\"h-row-container gutters-row-lg-2 gutters-row-md-2 gutters-row-0 gutters-row-v-lg-2 gutters-row-v-md-2 gutters-row-v-2 style-2638 style-local-5394-c3 position-relative\">\n        <!---->\n        <div class=\"h-row justify-content-lg-center justify-content-md-center justify-content-center align-items-lg-stretch align-items-md-stretch align-items-stretch gutters-col-lg-2 gutters-col-md-2 gutters-col-0 gutters-col-v-lg-2 gutters-col-v-md-2 gutters-col-v-2\">\n          <!---->\n          <div class=\"h-column h-column-container d-flex h-col-lg-auto h-col-md-auto h-col-auto style-2639-outer style-local-5394-c4-outer\">\n            <div data-colibri-id=\"5394-c4\" class=\"d-flex h-flex-basis h-column__inner h-px-lg-2 h-px-md-2 h-px-2 v-inner-lg-2 v-inner-md-2 v-inner-2 style-2639 style-local-5394-c4 position-relative\">\n              <!---->\n              <!---->\n              <div class=\"w-100 h-y-container h-column__content h-column__v-align flex-basis-100 align-self-lg-start align-self-md-start align-self-start\">\n                <!---->\n                <div data-colibri-id=\"5394-c5\" class=\"h-global-transition-all h-heading style-2641 style-local-5394-c5 position-relative h-element\">\n                  <!---->\n                  <div class=\"h-heading__outer style-2641 style-local-5394-c5\">\n                    <!---->\n                    <!---->\n                    <h1 class=\"\">Perseus<\/h1>\n                  <\/div>\n                <\/div>\n              <\/div>\n            <\/div>\n          <\/div>\n        <\/div>\n      <\/div>\n    <\/div>\n  <\/div>\n  <div data-colibri-component=\"section\" data-colibri-id=\"5394-c10\" id=\"custom-2\" class=\"h-section h-section-global-spacing d-flex align-items-lg-center align-items-md-center align-items-center style-2646 style-local-5394-c10 position-relative\">\n    <!---->\n    <!---->\n    <div class=\"h-section-grid-container h-section-boxed-container\">\n      <!---->\n      <div data-colibri-id=\"5394-c11\" class=\"h-row-container gutters-row-lg-2 gutters-row-md-2 gutters-row-0 gutters-row-v-lg-2 gutters-row-v-md-2 gutters-row-v-2 style-2647 style-local-5394-c11 position-relative\">\n        <!---->\n        <div class=\"h-row justify-content-lg-center justify-content-md-center justify-content-center align-items-lg-stretch align-items-md-stretch align-items-stretch gutters-col-lg-2 gutters-col-md-2 gutters-col-0 gutters-col-v-lg-2 gutters-col-v-md-2 gutters-col-v-2\">\n          <!---->\n          <div class=\"h-column h-column-container d-flex h-col-lg-auto h-col-md-auto h-col-auto style-2648-outer style-local-5394-c12-outer\">\n            <div data-colibri-id=\"5394-c12\" class=\"d-flex h-flex-basis h-column__inner h-px-lg-2 h-px-md-2 h-px-2 v-inner-lg-2 v-inner-md-2 v-inner-2 style-2648 style-local-5394-c12 position-relative\">\n              <!---->\n              <!---->\n              <div class=\"w-100 h-y-container h-column__content h-column__v-align flex-basis-100 align-self-lg-start align-self-md-start align-self-start\">\n                <!---->\n                <div data-colibri-id=\"5394-c13\" class=\"h-text h-text-component style-2649 style-local-5394-c13 position-relative h-element\">\n                  <!---->\n                  <!---->\n                  <div class=\"\">\n                    <p>Op 15.9.2024 zagen en hoorden we het theater\/musicalstuk \u201cPerseus\u201d van het ensemble Obertor in Winterthur (parochiezaal Veltheim). Zij vieren dit jaar hun 20-jarig jubileum. Greta Meukens maakt al bijna sinds de oprichting deel uit van het ensemble en gaf een geweldige voorstelling. Aan het eind trakteerden we onszelf op een heerlijke maaltijd bij Santa Lucia vlakbij het station. Goed gedaan Greta. Volgend jaar weer!<\/p>\n                    <p>\n                      <a href=\"https:\/\/dertheatermacher.ch\/theaterobertor\/\" class=\"customize-unpreviewable\">https:\/\/dertheatermacher.ch\/theaterobertor\/<\/a>\n                    <\/p>\n                    <p>Hier zijn wat impressies met Greta in actie en ons Bourgondi\u00ebrs<\/p>\n                    <p>\n                      <br>\n                    <\/p>\n                  <\/div>\n                <\/div>\n              <\/div>\n            <\/div>\n          <\/div>\n        <\/div>\n      <\/div>\n    <\/div>\n  <\/div>\n  <div data-colibri-component=\"section\" data-colibri-id=\"5394-c14\" id=\"photo-gallery\" class=\"h-section h-section-global-spacing d-flex align-items-lg-center align-items-md-center align-items-center style-2650 style-local-5394-c14 position-relative\">\n    <!---->\n    <!---->\n    <div class=\"h-section-grid-container h-section-boxed-container\">\n      <!---->\n      <div data-colibri-id=\"5394-c15\" class=\"h-row-container gutters-row-lg-2 gutters-row-md-2 gutters-row-2 gutters-row-v-lg-2 gutters-row-v-md-2 gutters-row-v-2 style-2651 style-local-5394-c15 position-relative\">\n        <!---->\n        <div class=\"h-row justify-content-lg-center justify-content-md-center justify-content-center align-items-lg-stretch align-items-md-stretch align-items-stretch gutters-col-lg-2 gutters-col-md-2 gutters-col-2 gutters-col-v-lg-2 gutters-col-v-md-2 gutters-col-v-2\">\n          <!---->\n          <div class=\"h-column h-column-container d-flex h-col-lg-auto h-col-md-auto h-col-auto style-2652-outer style-local-5394-c16-outer\">\n            <div data-colibri-id=\"5394-c16\" class=\"d-flex h-flex-basis h-column__inner h-px-lg-2 h-px-md-2 h-px-2 v-inner-lg-2 v-inner-md-2 v-inner-2 style-2652 style-local-5394-c16 position-relative\">\n              <!---->\n              <!---->\n              <div class=\"w-100 h-y-container h-column__content h-column__v-align flex-basis-100 align-self-lg-start align-self-md-start align-self-start\">\n                <!---->\n                <div data-colibri-component=\"masonry\" data-colibri-id=\"5394-c17\" class=\"h-photo-gallery margin-none caption-none style-2653 style-local-5394-c17 position-relative h-element\">\n                  <!---->\n                  <div class=\"h-global-transition-all caption-wrapper-full\"><div id='colibri-5394-c17' class='gallery-wrapper'>    <style type=\"text\/css\">\n\n        @media (min-width: 1023px) {        #colibri-5394-c17        dl {\n            float: left;\n            width: 33.333333333333% !important;\n            max-width: 33.333333333333% !important;\n            min-width: 33.333333333333% !important;\n        }\n\n        #colibri-5394-c17        dl:nth-of-type(3n +1 ) {\n            clear: both;\n        }\n\n        }@media (min-width: 768px) and (max-width: 1023px) {        #colibri-5394-c17        dl {\n            float: left;\n            width: 33.333333333333% !important;\n            max-width: 33.333333333333% !important;\n            min-width: 33.333333333333% !important;\n        }\n\n        #colibri-5394-c17        dl:nth-of-type(3n +1 ) {\n            clear: both;\n        }\n\n        }@media (max-width: 767px) {        #colibri-5394-c17        dl {\n            float: left;\n            width: 50% !important;\n            max-width: 50% !important;\n            min-width: 50% !important;\n        }\n\n        #colibri-5394-c17        dl:nth-of-type(2n +1 ) {\n            clear: both;\n        }\n\n        }\n        #colibri-5394-c17        .gallery-item {\n            position: relative;\n        }\n\n        \n    <\/style>\n    <div   class='colibri-5394-c17-dls-wrapper gallery-items-wrapper' ><dl class='gallery-item masonry-item'>\n\t\t\t<dt class='gallery-icon portrait'>\n\t\t\t\t<a data-fancybox=\"colibri-5394-c17-group\" href='https:\/\/www.ubu-zh.ch\/wp-content\/uploads\/2024\/10\/Foto-7.jpeg'><img loading=\"lazy\" decoding=\"async\"  width=\"225\" height=\"300\" src=\"https:\/\/www.ubu-zh.ch\/wp-content\/uploads\/2024\/10\/Foto-7-225x300.jpeg\"  class='colibri-5394-c17-image' alt=\"\" srcset=\"\" sizes=\"auto, (max-width: 225px) 100vw, 225px\" data-srcset=\"\" \/><\/a>\n\t\t\t<\/dt><\/dl><dl class='gallery-item masonry-item'>\n\t\t\t<dt class='gallery-icon portrait'>\n\t\t\t\t<a data-fancybox=\"colibri-5394-c17-group\" href='https:\/\/www.ubu-zh.ch\/wp-content\/uploads\/2024\/10\/Foto-11.jpeg'><img loading=\"lazy\" decoding=\"async\"  width=\"225\" height=\"300\" src=\"https:\/\/www.ubu-zh.ch\/wp-content\/uploads\/2024\/10\/Foto-11-225x300.jpeg\"  class='colibri-5394-c17-image' alt=\"\" srcset=\"\" sizes=\"auto, (max-width: 225px) 100vw, 225px\" data-srcset=\"\" \/><\/a>\n\t\t\t<\/dt><\/dl><dl class='gallery-item masonry-item'>\n\t\t\t<dt class='gallery-icon portrait'>\n\t\t\t\t<a data-fancybox=\"colibri-5394-c17-group\" href='https:\/\/www.ubu-zh.ch\/wp-content\/uploads\/2024\/10\/20240915_150153-scaled-e1728124143406.jpg'><img loading=\"lazy\" decoding=\"async\"  width=\"225\" height=\"300\" src=\"https:\/\/www.ubu-zh.ch\/wp-content\/uploads\/2024\/10\/20240915_150153-scaled-e1728124143406-225x300.jpg\"  class='colibri-5394-c17-image' alt=\"\" srcset=\"\" sizes=\"auto, (max-width: 225px) 100vw, 225px\" data-srcset=\"\" \/><\/a>\n\t\t\t<\/dt><\/dl><dl class='gallery-item masonry-item'>\n\t\t\t<dt class='gallery-icon landscape'>\n\t\t\t\t<a data-fancybox=\"colibri-5394-c17-group\" href='https:\/\/www.ubu-zh.ch\/wp-content\/uploads\/2024\/10\/Foto-2.jpeg'><img loading=\"lazy\" decoding=\"async\"  width=\"300\" height=\"225\" src=\"https:\/\/www.ubu-zh.ch\/wp-content\/uploads\/2024\/10\/Foto-2-300x225.jpeg\"  class='colibri-5394-c17-image' alt=\"\" srcset=\"\" sizes=\"auto, (max-width: 300px) 100vw, 300px\" data-srcset=\"\" \/><\/a>\n\t\t\t<\/dt><\/dl><dl class='gallery-item masonry-item'>\n\t\t\t<dt class='gallery-icon portrait'>\n\t\t\t\t<a data-fancybox=\"colibri-5394-c17-group\" href='https:\/\/www.ubu-zh.ch\/wp-content\/uploads\/2024\/10\/Foto-5.jpeg'><img loading=\"lazy\" decoding=\"async\"  width=\"225\" height=\"300\" src=\"https:\/\/www.ubu-zh.ch\/wp-content\/uploads\/2024\/10\/Foto-5-225x300.jpeg\"  class='colibri-5394-c17-image' alt=\"\" srcset=\"\" sizes=\"auto, (max-width: 225px) 100vw, 225px\" data-srcset=\"\" \/><\/a>\n\t\t\t<\/dt><\/dl><dl class='gallery-item masonry-item'>\n\t\t\t<dt class='gallery-icon portrait'>\n\t\t\t\t<a data-fancybox=\"colibri-5394-c17-group\" href='https:\/\/www.ubu-zh.ch\/wp-content\/uploads\/2024\/10\/Foto-1.jpeg'><img loading=\"lazy\" decoding=\"async\"  width=\"225\" height=\"300\" src=\"https:\/\/www.ubu-zh.ch\/wp-content\/uploads\/2024\/10\/Foto-1-225x300.jpeg\"  class='colibri-5394-c17-image' alt=\"\" srcset=\"\" sizes=\"auto, (max-width: 225px) 100vw, 225px\" data-srcset=\"\" \/><\/a>\n\t\t\t<\/dt><\/dl><dl class='gallery-item masonry-item'>\n\t\t\t<dt class='gallery-icon portrait'>\n\t\t\t\t<a data-fancybox=\"colibri-5394-c17-group\" href='https:\/\/www.ubu-zh.ch\/wp-content\/uploads\/2024\/10\/20240915_153459-scaled-e1728124123490.jpg'><img loading=\"lazy\" decoding=\"async\"  width=\"225\" height=\"300\" src=\"https:\/\/www.ubu-zh.ch\/wp-content\/uploads\/2024\/10\/20240915_153459-scaled-e1728124123490-225x300.jpg\"  class='colibri-5394-c17-image' alt=\"\" srcset=\"\" sizes=\"auto, (max-width: 225px) 100vw, 225px\" data-srcset=\"\" \/><\/a>\n\t\t\t<\/dt><\/dl><dl class='gallery-item masonry-item'>\n\t\t\t<dt class='gallery-icon portrait'>\n\t\t\t\t<a data-fancybox=\"colibri-5394-c17-group\" href='https:\/\/www.ubu-zh.ch\/wp-content\/uploads\/2024\/10\/20240915_141034-scaled-e1728124106647.jpg'><img loading=\"lazy\" decoding=\"async\"  width=\"225\" height=\"300\" src=\"https:\/\/www.ubu-zh.ch\/wp-content\/uploads\/2024\/10\/20240915_141034-scaled-e1728124106647-225x300.jpg\"  class='colibri-5394-c17-image' alt=\"\" srcset=\"\" sizes=\"auto, (max-width: 225px) 100vw, 225px\" data-srcset=\"\" \/><\/a>\n\t\t\t<\/dt><\/dl><dl class='gallery-item masonry-item'>\n\t\t\t<dt class='gallery-icon portrait'>\n\t\t\t\t<a data-fancybox=\"colibri-5394-c17-group\" href='https:\/\/www.ubu-zh.ch\/wp-content\/uploads\/2024\/10\/Foto-12.jpeg'><img loading=\"lazy\" decoding=\"async\"  width=\"225\" height=\"300\" src=\"https:\/\/www.ubu-zh.ch\/wp-content\/uploads\/2024\/10\/Foto-12-225x300.jpeg\"  class='colibri-5394-c17-image' alt=\"\" srcset=\"\" sizes=\"auto, (max-width: 225px) 100vw, 225px\" data-srcset=\"\" \/><\/a>\n\t\t\t<\/dt><\/dl><dl class='gallery-item masonry-item'>\n\t\t\t<dt class='gallery-icon portrait'>\n\t\t\t\t<a data-fancybox=\"colibri-5394-c17-group\" href='https:\/\/www.ubu-zh.ch\/wp-content\/uploads\/2024\/10\/20240915_143545-scaled-e1728124091648.jpg'><img loading=\"lazy\" decoding=\"async\"  width=\"225\" height=\"300\" src=\"https:\/\/www.ubu-zh.ch\/wp-content\/uploads\/2024\/10\/20240915_143545-scaled-e1728124091648-225x300.jpg\"  class='colibri-5394-c17-image' alt=\"\" srcset=\"\" sizes=\"auto, (max-width: 225px) 100vw, 225px\" data-srcset=\"\" \/><\/a>\n\t\t\t<\/dt><\/dl><dl class='gallery-item masonry-item'>\n\t\t\t<dt class='gallery-icon portrait'>\n\t\t\t\t<a data-fancybox=\"colibri-5394-c17-group\" href='https:\/\/www.ubu-zh.ch\/wp-content\/uploads\/2024\/10\/20240915_141006-scaled-e1728124078120.jpg'><img loading=\"lazy\" decoding=\"async\"  width=\"225\" height=\"300\" src=\"https:\/\/www.ubu-zh.ch\/wp-content\/uploads\/2024\/10\/20240915_141006-scaled-e1728124078120-225x300.jpg\"  class='colibri-5394-c17-image' alt=\"\" srcset=\"\" sizes=\"auto, (max-width: 225px) 100vw, 225px\" data-srcset=\"\" \/><\/a>\n\t\t\t<\/dt><\/dl><dl class='gallery-item masonry-item'>\n\t\t\t<dt class='gallery-icon portrait'>\n\t\t\t\t<a data-fancybox=\"colibri-5394-c17-group\" href='https:\/\/www.ubu-zh.ch\/wp-content\/uploads\/2024\/10\/Foto-4.jpeg'><img loading=\"lazy\" decoding=\"async\"  width=\"225\" height=\"300\" src=\"https:\/\/www.ubu-zh.ch\/wp-content\/uploads\/2024\/10\/Foto-4-225x300.jpeg\"  class='colibri-5394-c17-image' alt=\"\" srcset=\"\" sizes=\"auto, (max-width: 225px) 100vw, 225px\" data-srcset=\"\" \/><\/a>\n\t\t\t<\/dt><\/dl><dl class='gallery-item masonry-item'>\n\t\t\t<dt class='gallery-icon portrait'>\n\t\t\t\t<a data-fancybox=\"colibri-5394-c17-group\" href='https:\/\/www.ubu-zh.ch\/wp-content\/uploads\/2024\/10\/Foto-6.jpeg'><img loading=\"lazy\" decoding=\"async\"  width=\"225\" height=\"300\" src=\"https:\/\/www.ubu-zh.ch\/wp-content\/uploads\/2024\/10\/Foto-6-225x300.jpeg\"  class='colibri-5394-c17-image' alt=\"\" srcset=\"\" sizes=\"auto, (max-width: 225px) 100vw, 225px\" data-srcset=\"\" \/><\/a>\n\t\t\t<\/dt><\/dl><dl class='gallery-item masonry-item'>\n\t\t\t<dt class='gallery-icon portrait'>\n\t\t\t\t<a data-fancybox=\"colibri-5394-c17-group\" href='https:\/\/www.ubu-zh.ch\/wp-content\/uploads\/2024\/10\/Foto-10.jpeg'><img loading=\"lazy\" decoding=\"async\"  width=\"225\" height=\"300\" src=\"https:\/\/www.ubu-zh.ch\/wp-content\/uploads\/2024\/10\/Foto-10-225x300.jpeg\"  class='colibri-5394-c17-image' alt=\"\" srcset=\"\" sizes=\"auto, (max-width: 225px) 100vw, 225px\" data-srcset=\"\" \/><\/a>\n\t\t\t<\/dt><\/dl><dl class='gallery-item masonry-item'>\n\t\t\t<dt class='gallery-icon portrait'>\n\t\t\t\t<a data-fancybox=\"colibri-5394-c17-group\" href='https:\/\/www.ubu-zh.ch\/wp-content\/uploads\/2024\/10\/20240915_141133-scaled-e1728124065438.jpg'><img loading=\"lazy\" decoding=\"async\"  width=\"225\" height=\"300\" src=\"https:\/\/www.ubu-zh.ch\/wp-content\/uploads\/2024\/10\/20240915_141133-scaled-e1728124065438-225x300.jpg\"  class='colibri-5394-c17-image' alt=\"\" srcset=\"\" sizes=\"auto, (max-width: 225px) 100vw, 225px\" data-srcset=\"\" \/><\/a>\n\t\t\t<\/dt><\/dl><dl class='gallery-item masonry-item'>\n\t\t\t<dt class='gallery-icon portrait'>\n\t\t\t\t<a data-fancybox=\"colibri-5394-c17-group\" href='https:\/\/www.ubu-zh.ch\/wp-content\/uploads\/2024\/10\/Foto-3.jpeg'><img loading=\"lazy\" decoding=\"async\"  width=\"225\" height=\"300\" src=\"https:\/\/www.ubu-zh.ch\/wp-content\/uploads\/2024\/10\/Foto-3-225x300.jpeg\"  class='colibri-5394-c17-image' alt=\"\" srcset=\"\" sizes=\"auto, (max-width: 225px) 100vw, 225px\" data-srcset=\"\" \/><\/a>\n\t\t\t<\/dt><\/dl><dl class='gallery-item masonry-item'>\n\t\t\t<dt class='gallery-icon portrait'>\n\t\t\t\t<a data-fancybox=\"colibri-5394-c17-group\" href='https:\/\/www.ubu-zh.ch\/wp-content\/uploads\/2024\/10\/Foto-8.jpeg'><img loading=\"lazy\" decoding=\"async\"  width=\"225\" height=\"300\" src=\"https:\/\/www.ubu-zh.ch\/wp-content\/uploads\/2024\/10\/Foto-8-225x300.jpeg\"  class='colibri-5394-c17-image' alt=\"\" srcset=\"\" sizes=\"auto, (max-width: 225px) 100vw, 225px\" data-srcset=\"\" \/><\/a>\n\t\t\t<\/dt><\/dl><dl class='gallery-item masonry-item'>\n\t\t\t<dt class='gallery-icon portrait'>\n\t\t\t\t<a data-fancybox=\"colibri-5394-c17-group\" href='https:\/\/www.ubu-zh.ch\/wp-content\/uploads\/2024\/10\/20240915_141103-scaled-e1728124000402.jpg'><img loading=\"lazy\" decoding=\"async\"  width=\"225\" height=\"300\" src=\"https:\/\/www.ubu-zh.ch\/wp-content\/uploads\/2024\/10\/20240915_141103-scaled-e1728124000402-225x300.jpg\"  class='colibri-5394-c17-image' alt=\"\" srcset=\"\" sizes=\"auto, (max-width: 225px) 100vw, 225px\" data-srcset=\"\" \/><\/a>\n\t\t\t<\/dt><\/dl><dl class='gallery-item masonry-item'>\n\t\t\t<dt class='gallery-icon portrait'>\n\t\t\t\t<a data-fancybox=\"colibri-5394-c17-group\" href='https:\/\/www.ubu-zh.ch\/wp-content\/uploads\/2024\/10\/20240915_153243-scaled-e1728124052705.jpg'><img loading=\"lazy\" decoding=\"async\"  width=\"225\" height=\"300\" src=\"https:\/\/www.ubu-zh.ch\/wp-content\/uploads\/2024\/10\/20240915_153243-scaled-e1728124052705-225x300.jpg\"  class='colibri-5394-c17-image' alt=\"\" srcset=\"\" sizes=\"auto, (max-width: 225px) 100vw, 225px\" data-srcset=\"\" \/><\/a>\n\t\t\t<\/dt><\/dl><dl class='gallery-item masonry-item'>\n\t\t\t<dt class='gallery-icon portrait'>\n\t\t\t\t<a data-fancybox=\"colibri-5394-c17-group\" href='https:\/\/www.ubu-zh.ch\/wp-content\/uploads\/2024\/10\/20240915_141117-scaled-e1728124038844.jpg'><img loading=\"lazy\" decoding=\"async\"  width=\"225\" height=\"300\" src=\"https:\/\/www.ubu-zh.ch\/wp-content\/uploads\/2024\/10\/20240915_141117-scaled-e1728124038844-225x300.jpg\"  class='colibri-5394-c17-image' alt=\"\" srcset=\"\" sizes=\"auto, (max-width: 225px) 100vw, 225px\" data-srcset=\"\" \/><\/a>\n\t\t\t<\/dt><\/dl><dl class='gallery-item masonry-item'>\n\t\t\t<dt class='gallery-icon landscape'>\n\t\t\t\t<a data-fancybox=\"colibri-5394-c17-group\" href='https:\/\/www.ubu-zh.ch\/wp-content\/uploads\/2024\/10\/20240915_142033-scaled.jpg'><img loading=\"lazy\" decoding=\"async\"  width=\"300\" height=\"225\" src=\"https:\/\/www.ubu-zh.ch\/wp-content\/uploads\/2024\/10\/20240915_142033-300x225.jpg\"  class='colibri-5394-c17-image' alt=\"\" srcset=\"\" sizes=\"auto, (max-width: 300px) 100vw, 300px\" data-srcset=\"\" \/><\/a>\n\t\t\t<\/dt><\/dl><dl class='gallery-item masonry-item'>\n\t\t\t<dt class='gallery-icon portrait'>\n\t\t\t\t<a data-fancybox=\"colibri-5394-c17-group\" href='https:\/\/www.ubu-zh.ch\/wp-content\/uploads\/2024\/10\/20240915_154204-scaled-e1728124025196.jpg'><img loading=\"lazy\" decoding=\"async\"  width=\"225\" height=\"300\" src=\"https:\/\/www.ubu-zh.ch\/wp-content\/uploads\/2024\/10\/20240915_154204-scaled-e1728124025196-225x300.jpg\"  class='colibri-5394-c17-image' alt=\"\" srcset=\"\" sizes=\"auto, (max-width: 225px) 100vw, 225px\" data-srcset=\"\" \/><\/a>\n\t\t\t<\/dt><\/dl><dl class='gallery-item masonry-item'>\n\t\t\t<dt class='gallery-icon portrait'>\n\t\t\t\t<a data-fancybox=\"colibri-5394-c17-group\" href='https:\/\/www.ubu-zh.ch\/wp-content\/uploads\/2024\/10\/Foto-9.jpeg'><img loading=\"lazy\" decoding=\"async\"  width=\"225\" height=\"300\" src=\"https:\/\/www.ubu-zh.ch\/wp-content\/uploads\/2024\/10\/Foto-9-225x300.jpeg\"  class='colibri-5394-c17-image' alt=\"\" srcset=\"\" sizes=\"auto, (max-width: 225px) 100vw, 225px\" data-srcset=\"\" \/><\/a>\n\t\t\t<\/dt><\/dl><dl class='gallery-item masonry-item'>\n\t\t\t<dt class='gallery-icon portrait'>\n\t\t\t\t<a data-fancybox=\"colibri-5394-c17-group\" href='https:\/\/www.ubu-zh.ch\/wp-content\/uploads\/2024\/10\/20240915_170326-scaled-e1728124012623.jpg'><img loading=\"lazy\" decoding=\"async\"  width=\"225\" height=\"300\" src=\"https:\/\/www.ubu-zh.ch\/wp-content\/uploads\/2024\/10\/20240915_170326-scaled-e1728124012623-225x300.jpg\"  class='colibri-5394-c17-image' alt=\"\" srcset=\"\" sizes=\"auto, (max-width: 225px) 100vw, 225px\" data-srcset=\"\" \/><\/a>\n\t\t\t<\/dt><\/dl><dl class='gallery-item masonry-item'>\n\t\t\t<dt class='gallery-icon portrait'>\n\t\t\t\t<a data-fancybox=\"colibri-5394-c17-group\" href='https:\/\/www.ubu-zh.ch\/wp-content\/uploads\/2024\/10\/20240915_141042-scaled-e1728231259174.jpg'><img loading=\"lazy\" decoding=\"async\"  width=\"225\" height=\"300\" src=\"https:\/\/www.ubu-zh.ch\/wp-content\/uploads\/2024\/10\/20240915_141042-scaled-e1728231259174-225x300.jpg\"  class='colibri-5394-c17-image' alt=\"\" srcset=\"\" sizes=\"auto, (max-width: 225px) 100vw, 225px\" data-srcset=\"\" \/><\/a>\n\t\t\t<\/dt><\/dl>\n\t\t\t\n\t\t<\/div>\n<style>#colibri-5394-c17 .wp-caption-text.gallery-caption{display:none;}<\/style><\/div><\/div>\n                <\/div>\n              <\/div>\n            <\/div>\n          <\/div>\n        <\/div>\n      <\/div>\n    <\/div>\n  <\/div>\n<\/div>","protected":false},"excerpt":{"rendered":"<p>Perseus Am 15.9.2024 sahen wir das Theater\/Musicalst\u00fcck \u201cPerseus\u201d vom Ensemble Obertor in Winterthur (Kirchgemeindehaus Veltheim). Sie feiern dieses Jahr das 20. Jubil\u00e4um. Greta Meukens, ist fast seit der Gr\u00fcndung des Ensembles Teil dieser Truppe und hat eine super Performance hingelegt. Am Schluss g\u00f6nnten wir uns noch ein feines Essen im Santa Lucia direkt beim Bahnhof. [&hellip;]<\/p>\n","protected":false},"author":1,"featured_media":0,"parent":4795,"menu_order":0,"comment_status":"closed","ping_status":"closed","template":"page-templates\/full-width-page.php","meta":{"footnotes":""},"class_list":["post-5394","page","type-page","status-publish","hentry"],"_links":{"self":[{"href":"https:\/\/www.ubu-zh.ch\/nl\/wp-json\/wp\/v2\/pages\/5394","targetHints":{"allow":["GET"]}}],"collection":[{"href":"https:\/\/www.ubu-zh.ch\/nl\/wp-json\/wp\/v2\/pages"}],"about":[{"href":"https:\/\/www.ubu-zh.ch\/nl\/wp-json\/wp\/v2\/types\/page"}],"author":[{"embeddable":true,"href":"https:\/\/www.ubu-zh.ch\/nl\/wp-json\/wp\/v2\/users\/1"}],"replies":[{"embeddable":true,"href":"https:\/\/www.ubu-zh.ch\/nl\/wp-json\/wp\/v2\/comments?post=5394"}],"version-history":[{"count":5,"href":"https:\/\/www.ubu-zh.ch\/nl\/wp-json\/wp\/v2\/pages\/5394\/revisions"}],"predecessor-version":[{"id":5532,"href":"https:\/\/www.ubu-zh.ch\/nl\/wp-json\/wp\/v2\/pages\/5394\/revisions\/5532"}],"up":[{"embeddable":true,"href":"https:\/\/www.ubu-zh.ch\/nl\/wp-json\/wp\/v2\/pages\/4795"}],"wp:attachment":[{"href":"https:\/\/www.ubu-zh.ch\/nl\/wp-json\/wp\/v2\/media?parent=5394"}],"curies":[{"name":"wp","href":"https:\/\/api.w.org\/{rel}","templated":true}]}}